{"id":3691,"date":"2025-05-13T08:51:21","date_gmt":"2025-05-13T08:51:21","guid":{"rendered":"https:\/\/tr.gynolifeivf.com\/?page_id=3691"},"modified":"2025-08-20T10:36:40","modified_gmt":"2025-08-20T10:36:40","slug":"fiyat-bilgilerini-al","status":"publish","type":"page","link":"https:\/\/gynolifeivf.com\/tr\/fiyat-bilgilerini-al\/","title":{"rendered":"Fiyat ve Bilgi Al"},"content":{"rendered":"<div class=\"wpcf7 no-js\" id=\"wpcf7-f4535-o1\" lang=\"en-US\" dir=\"ltr\" data-wpcf7-id=\"4535\">\n<div class=\"screen-reader-response\"><p role=\"status\" aria-live=\"polite\" aria-atomic=\"true\"><\/p> <ul><\/ul><\/div>\n<form action=\"\/tr\/wp-json\/wp\/v2\/pages\/3691#wpcf7-f4535-o1\" method=\"post\" class=\"wpcf7-form init\" aria-label=\"Contact form\" novalidate=\"novalidate\" data-status=\"init\" data-trp-original-action=\"\/tr\/wp-json\/wp\/v2\/pages\/3691#wpcf7-f4535-o1\">\n<fieldset class=\"hidden-fields-container\"><input type=\"hidden\" name=\"_wpcf7\" value=\"4535\" \/><input type=\"hidden\" name=\"_wpcf7_version\" value=\"6.1.5\" \/><input type=\"hidden\" name=\"_wpcf7_locale\" value=\"en_US\" \/><input type=\"hidden\" name=\"_wpcf7_unit_tag\" value=\"wpcf7-f4535-o1\" \/><input type=\"hidden\" name=\"_wpcf7_container_post\" value=\"0\" \/><input type=\"hidden\" name=\"_wpcf7_posted_data_hash\" value=\"\" \/>\n<\/fieldset>\n<div id=\"gqf-v8-container\">\n\t<div class=\"gqf-v8-sidebar\">\n\t\t<div class=\"gqf-v8-sidebar-content\">\n\t\t\t<p><img decoding=\"async\" src=\"https:\/\/gynolifeivf.com\/wp-content\/uploads\/2025\/04\/logo-beyaz.png\" alt=\"Gynolife IVF\" class=\"gqf-v8-logo\" \/>\n\t\t\t<\/p>\n\t\t\t<div class=\"gqf-v8-progress\">\n\t\t\t\t<div class=\"gqf-v8-progress-step aktif\" data-step=\"1\">\n\t\t\t\t\t<div class=\"gqf-v8-progress-bubble\">\n\t\t\t\t\t\t<p>1\n\t\t\t\t\t\t<\/p>\n\t\t\t\t\t<\/div>\n\t\t\t\t\t<div class=\"gqf-v8-progress-label\">\n\t\t\t\t\t\t<p>Ki\u015fisel Bilgiler\n\t\t\t\t\t\t<\/p>\n\t\t\t\t\t<\/div>\n\t\t\t\t<\/div>\n\t\t\t\t<div class=\"gqf-v8-progress-step\" data-step=\"2\">\n\t\t\t\t\t<div class=\"gqf-v8-progress-bubble\">\n\t\t\t\t\t\t<p>2\n\t\t\t\t\t\t<\/p>\n\t\t\t\t\t<\/div>\n\t\t\t\t\t<div class=\"gqf-v8-progress-label\">\n\t\t\t\t\t\t<p>Tedavi\n\t\t\t\t\t\t<\/p>\n\t\t\t\t\t<\/div>\n\t\t\t\t<\/div>\n\t\t\t\t<div class=\"gqf-v8-progress-step\" data-step=\"3\">\n\t\t\t\t\t<div class=\"gqf-v8-progress-bubble\">\n\t\t\t\t\t\t<p>3\n\t\t\t\t\t\t<\/p>\n\t\t\t\t\t<\/div>\n\t\t\t\t\t<div class=\"gqf-v8-progress-label\">\n\t\t\t\t\t\t<p>Onayla\n\t\t\t\t\t\t<\/p>\n\t\t\t\t\t<\/div>\n\t\t\t\t<\/div>\n\t\t\t<\/div>\n\t\t\t<div class=\"gqf-v8-sidebar-footer\">\n\t\t\t\t<p>G\u00fcvenli ve gizli fiyat teklifi sistemi\n\t\t\t\t<\/p>\n\t\t\t<\/div>\n\t\t<\/div>\n\t<\/div>\n\t<div class=\"gqf-v8-content\">\n\t\t<div class=\"gqf-v8-step aktif\" data-step=\"1\">\n\t\t\t<h3>Ki\u015fisel Bilgiler\n\t\t\t<\/h3>\n\t\t\t<div class=\"gqf-v8-grid-2\">\n\t\t\t\t<div class=\"gqf-v8-input-group\">\n\t\t\t\t\t<p><label>Ad Soyad *<\/label><br \/>\n<span class=\"wpcf7-form-control-wrap\" data-name=\"gqf-v8-isim\"><input size=\"40\" maxlength=\"400\" class=\"wpcf7-form-control wpcf7-text wpcf7-validates-as-required gqf-v8-input\" id=\"gqf-v8-isim\" aria-required=\"true\" aria-invalid=\"false\" placeholder=\"Ad\u0131n\u0131z soyad\u0131n\u0131z\" value=\"\" type=\"text\" name=\"gqf-v8-isim\" \/><\/span>\n\t\t\t\t\t<\/p>\n\t\t\t\t<\/div>\n\t\t\t\t<div class=\"gqf-v8-input-group\">\n\t\t\t\t\t<p><label>E-posta<\/label><br \/>\n<span class=\"wpcf7-form-control-wrap\" data-name=\"gqf-v8-email\"><input size=\"40\" maxlength=\"400\" class=\"wpcf7-form-control wpcf7-email wpcf7-validates-as-required wpcf7-text wpcf7-validates-as-email gqf-v8-input\" id=\"gqf-v8-email\" aria-required=\"true\" aria-invalid=\"false\" placeholder=\"you@example.com\" value=\"\" type=\"email\" name=\"gqf-v8-email\" \/><\/span>\n\t\t\t\t\t<\/p>\n\t\t\t\t<\/div>\n\t\t\t\t<div class=\"gqf-v8-input-group\">\n\t\t\t\t\t<p><label>Telefon *<\/label><br \/>\n<span class=\"wpcf7-form-control-wrap\" data-name=\"gqf-v8-telefon\"><input size=\"40\" maxlength=\"400\" class=\"wpcf7-form-control wpcf7-tel wpcf7-validates-as-required wpcf7-text wpcf7-validates-as-tel gqf-v8-input\" id=\"gqf-v8-phone\" aria-required=\"true\" aria-invalid=\"false\" placeholder=\"+90 5XX XXX XX XX\" value=\"\" type=\"tel\" name=\"gqf-v8-telefon\" \/><\/span>\n\t\t\t\t\t<\/p>\n\t\t\t\t<\/div>\n\t\t\t\t<div class=\"gqf-v8-input-group\">\n\t\t\t\t\t<p><label>Ya\u015f *<\/label><br \/>\n<span class=\"wpcf7-form-control-wrap\" data-name=\"gqf-v8-yas\"><input class=\"wpcf7-form-control wpcf7-number wpcf7-validates-as-required wpcf7-validates-as-number gqf-v8-input\" id=\"gqf-v8-yas\" min=\"18\" max=\"60\" aria-required=\"true\" aria-invalid=\"false\" placeholder=\"Ya\u015f\u0131n\" value=\"\" type=\"number\" name=\"gqf-v8-yas\" \/><\/span>\n\t\t\t\t\t<\/p>\n\t\t\t\t<\/div>\n\t\t\t\t<div class=\"gqf-v8-input-group\">\n\t\t\t\t\t<p><label>\u00dclke *<\/label><br \/>\n<span class=\"wpcf7-form-control-wrap\" data-name=\"gqf-v8-ulke\"><select class=\"wpcf7-form-control wpcf7-select wpcf7-validates-as-required gqf-v8-input\" id=\"gqf-v8-ulke\" aria-required=\"true\" aria-invalid=\"false\" name=\"gqf-v8-ulke\"><option value=\"\">&#8212;Please choose an option&#8212;<\/option><option value=\"--- Please Select ---\">--- L\u00fctfen Se\u00e7iniz ---<\/option><option value=\"North Cyprus\">Kuzey K\u0131br\u0131s<\/option><option value=\"Turkey\">T\u00fcrkiye<\/option><option value=\"UK\">BK<\/option><option value=\"Germany\">Almanya<\/option><option value=\"Netherlands\">Hollanda<\/option><option value=\"Sweden\">\u0130sve\u00e7<\/option><option value=\"Denmark\">Danimarka<\/option><option value=\"Norway\">Norve\u00e7<\/option><option value=\"France\">Fransa<\/option><option value=\"Ireland\">\u0130rlanda<\/option><option value=\"Israel\">\u0130srail<\/option><option value=\"Russia\">Rusya<\/option><option value=\"Other\">Di\u011fer<\/option><\/select><\/span>\n\t\t\t\t\t<\/p>\n\t\t\t\t<\/div>\n\t\t\t<\/div>\n\t\t<\/div>\n\t\t<div class=\"gqf-v8-step\" data-step=\"2\">\n\t\t\t<h3>Tedavi Detaylar\u0131\n\t\t\t<\/h3>\n\t\t\t<div class=\"gqf-v8-input-group\">\n\t\t\t\t<p><label>Tedavi T\u00fcr\u00fc *<\/label><br \/>\n<span class=\"wpcf7-form-control-wrap\" data-name=\"gqf-v8-tedavi-turu\"><select class=\"wpcf7-form-control wpcf7-select wpcf7-validates-as-required gqf-v8-input\" id=\"gqf-v8-tedavi-turu\" aria-required=\"true\" aria-invalid=\"false\" name=\"gqf-v8-tedavi-turu\"><option value=\"\">&#8212;Please choose an option&#8212;<\/option><option value=\"--- Please Select ---\">--- L\u00fctfen Se\u00e7iniz ---<\/option><option value=\"IVF Treatment\">T\u00fcp Bebek Tedavisi<\/option><option value=\"IVF with Egg Donation\">Yumurta Donasyonu ile T\u00fcp Bebek<\/option><option value=\"IVF with Sperm Donation\">Sperm Donasyonu ile T\u00fcp Bebek<\/option><option value=\"IVF with Embryo Donation\">Embriyo Ba\u011f\u0131\u015f\u0131 ile T\u00fcp Bebek<\/option><option value=\"Egg Freezing\">Yumurta Dondurma<\/option><option value=\"Embryo Freezing\">Embriyo Dondurma<\/option><option value=\"Gender Selection (PGD)\">Cinsiyet Se\u00e7imi (PGD)<\/option><option value=\"Genetic Testing (PGT-A)\">Genetik Tarama (PGT-A)<\/option><option value=\"Consultation Only\">Sadece Dan\u0131\u015fmanl\u0131k<\/option><option value=\"Other...\">Di\u011fer...<\/option><\/select><\/span>\n\t\t\t\t<\/p>\n\t\t\t<\/div>\n\t\t\t<div class=\"gqf-v8-input-group\" id=\"gqf-v8-tedavi-diger-wrapper\" style=\"display:none\">\n\t\t\t\t<p><label>Belirtin<\/label><br \/>\n<span class=\"wpcf7-form-control-wrap\" data-name=\"gqf-v8-tedavi-diger\"><input size=\"40\" maxlength=\"400\" class=\"wpcf7-form-control wpcf7-text gqf-v8-input\" id=\"gqf-v8-tedavi-diger\" aria-invalid=\"false\" placeholder=\"Tedavinizi belirtin\" value=\"\" type=\"text\" name=\"gqf-v8-tedavi-diger\" \/><\/span>\n\t\t\t\t<\/p>\n\t\t\t<\/div>\n\t\t\t<div class=\"gqf-v8-input-group\">\n\t\t\t\t<p><label>Ek Notlar<\/label><br \/>\n<span class=\"wpcf7-form-control-wrap\" data-name=\"gqf-v8-notlar\"><textarea cols=\"40\" rows=\"4\" maxlength=\"2000\" class=\"wpcf7-form-control wpcf7-textarea gqf-v8-input\" aria-invalid=\"false\" placeholder=\"Ek bilgi...\" name=\"gqf-v8-notlar\"><\/textarea><\/span>\n\t\t\t\t<\/p>\n\t\t\t<\/div>\n\t\t<\/div>\n\t\t<div class=\"gqf-v8-step\" data-step=\"3\">\n\t\t\t<h3>G\u00f6zden Ge\u00e7ir ve Onayla\n\t\t\t<\/h3>\n\t\t\t<div class=\"gqf-v8-summary\">\n\t\t\t\t<div>\n\t\t\t\t\t<p><strong>Ad<\/strong><span data-summary=\"isim\">-<\/span>\n\t\t\t\t\t<\/p>\n\t\t\t\t<\/div>\n\t\t\t\t<div>\n\t\t\t\t\t<p><strong>Ya\u015f:<\/strong><span data-summary=\"yas\">-<\/span>\n\t\t\t\t\t<\/p>\n\t\t\t\t<\/div>\n\t\t\t\t<div>\n\t\t\t\t\t<p><strong>E-posta:<\/strong><span data-summary=\"email\">-<\/span>\n\t\t\t\t\t<\/p>\n\t\t\t\t<\/div>\n\t\t\t\t<div>\n\t\t\t\t\t<p><strong>Telefon:<\/strong><span data-summary=\"phone\">-<\/span>\n\t\t\t\t\t<\/p>\n\t\t\t\t<\/div>\n\t\t\t\t<div>\n\t\t\t\t\t<p><strong>Tedavi:<\/strong><span data-summary=\"tedavi\">-<\/span>\n\t\t\t\t\t<\/p>\n\t\t\t\t<\/div>\n\t\t\t<\/div>\n\t\t\t<div class=\"gqf-v8-input-group\">\n\t\t\t\t<p><span class=\"wpcf7-form-control-wrap\" data-name=\"kvkk-consent\"><span class=\"wpcf7-form-control wpcf7-acceptance\"><span class=\"wpcf7-list-item\"><label><input type=\"checkbox\" name=\"kvkk-consent\" value=\"1\" aria-invalid=\"false\" \/><span class=\"wpcf7-list-item-label\">KVKK\/GDPR gizlilik \u015fartlar\u0131n\u0131 kabul ediyorum<\/span><\/label><\/span><\/span><\/span>\n\t\t\t\t<\/p>\n\t\t\t<\/div>\n\t\t\t<div class=\"gqf-v8-captcha-wrapper\">\n\t\t\t<\/div>\n\t\t<\/div>\n\t\t<div class=\"gqf-v8-nav\">\n\t\t\t<p><button type=\"button\" class=\"gqf-v8-button gqf-v8-geri\" style=\"display:none\">Geri<\/button>\n\t\t\t<\/p>\n\t\t\t<div class=\"gqf-v8-nav-right\">\n\t\t\t\t<p><button type=\"button\" class=\"gqf-v8-button gqf-v8-ileri\">Sonraki<\/button><br \/>\n<button type=\"button\" class=\"gqf-v8-button gqf-v8-gonder\" style=\"display:none\">Teklif Al<\/button>\n\t\t\t\t<\/p>\n\t\t\t<\/div>\n\t\t<\/div>\n\t<\/div>\n<\/div><p style=\"display: none !important;\" class=\"akismet-fields-container\" data-prefix=\"_wpcf7_ak_\"><label>Delta<textarea name=\"_wpcf7_ak_hp_textarea\" cols=\"45\" rows=\"8\" maxlength=\"100\"><\/textarea><\/label><input type=\"hidden\" id=\"ak_js_1\" name=\"_wpcf7_ak_js\" value=\"37\"\/><script>document.getElementById( \"ak_js_1\" ).setAttribute( \"value\", ( new Date() ).getTime() );<\/script><\/p><div class=\"wpcf7-response-output\" aria-hidden=\"true\"><\/div>\n<input type=\"hidden\" name=\"trp-form-language\" value=\"tr\"\/><\/form>\n<\/div>","protected":false},"excerpt":{"rendered":"","protected":false},"author":1,"featured_media":0,"parent":0,"menu_order":0,"comment_status":"closed","ping_status":"closed","template":"clinicmaster_template.php","meta":{"footnotes":""},"class_list":["post-3691","page","type-page","status-publish","hentry"],"aioseo_notices":[],"_links":{"self":[{"href":"https:\/\/gynolifeivf.com\/tr\/wp-json\/wp\/v2\/pages\/3691","targetHints":{"allow":["GET"]}}],"collection":[{"href":"https:\/\/gynolifeivf.com\/tr\/wp-json\/wp\/v2\/pages"}],"about":[{"href":"https:\/\/gynolifeivf.com\/tr\/wp-json\/wp\/v2\/types\/page"}],"author":[{"embeddable":true,"href":"https:\/\/gynolifeivf.com\/tr\/wp-json\/wp\/v2\/users\/1"}],"replies":[{"embeddable":true,"href":"https:\/\/gynolifeivf.com\/tr\/wp-json\/wp\/v2\/comments?post=3691"}],"version-history":[{"count":0,"href":"https:\/\/gynolifeivf.com\/tr\/wp-json\/wp\/v2\/pages\/3691\/revisions"}],"wp:attachment":[{"href":"https:\/\/gynolifeivf.com\/tr\/wp-json\/wp\/v2\/media?parent=3691"}],"curies":[{"name":"wp","href":"https:\/\/api.w.org\/{rel}","templated":true}]}}