{"id":3687,"date":"2025-05-13T08:50:41","date_gmt":"2025-05-13T08:50:41","guid":{"rendered":"https:\/\/tr.gynolifeivf.com\/?page_id=3687"},"modified":"2025-08-22T09:32:18","modified_gmt":"2025-08-22T09:32:18","slug":"doktora-sor","status":"publish","type":"page","link":"https:\/\/gynolifeivf.com\/tr\/doktora-sor\/","title":{"rendered":"Doktora Sor"},"content":{"rendered":"<div class=\"wpcf7 no-js\" id=\"wpcf7-f4545-o1\" lang=\"en-US\" dir=\"ltr\" data-wpcf7-id=\"4545\">\n<div class=\"screen-reader-response\"><p role=\"status\" aria-live=\"polite\" aria-atomic=\"true\"><\/p> <ul><\/ul><\/div>\n<form action=\"\/tr\/wp-json\/wp\/v2\/pages\/3687#wpcf7-f4545-o1\" method=\"post\" class=\"wpcf7-form init\" aria-label=\"Contact form\" novalidate=\"novalidate\" data-status=\"init\" data-trp-original-action=\"\/tr\/wp-json\/wp\/v2\/pages\/3687#wpcf7-f4545-o1\">\n<fieldset class=\"hidden-fields-container\"><input type=\"hidden\" name=\"_wpcf7\" value=\"4545\" \/><input type=\"hidden\" name=\"_wpcf7_version\" value=\"6.1.5\" \/><input type=\"hidden\" name=\"_wpcf7_locale\" value=\"en_US\" \/><input type=\"hidden\" name=\"_wpcf7_unit_tag\" value=\"wpcf7-f4545-o1\" \/><input type=\"hidden\" name=\"_wpcf7_container_post\" value=\"0\" \/><input type=\"hidden\" name=\"_wpcf7_posted_data_hash\" value=\"\" \/>\n<\/fieldset>\n<div id=\"gynolifeIVF_formContainer\">\n\t<div class=\"gynolifeIVF_header\">\n\t\t<div class=\"gynolifeIVF_brandName\">\n\t\t\t<p>GynoLife IVF\n\t\t\t<\/p>\n\t\t<\/div>\n\t\t<h2>T\u00fcp Bebek Doktoruna Sorun\n\t\t<\/h2>\n\t\t<p class=\"gynolifeIVF_helpText\">Do\u011furganl\u0131k yolculu\u011funuzla ilgili uzmanlar\u0131m\u0131za her \u015feyi sorabilirsiniz\n\t\t<\/p>\n\t<\/div>\n\t<div class=\"gynolifeIVF_progress\">\n\t\t<div class=\"gynolifeIVF_progressBar\" style=\"width:50%\">\n\t\t<\/div>\n\t<\/div>\n\t<div class=\"gynolifeIVF_step aktif\" data-step=\"1\">\n\t\t<div class=\"gynolifeIVF_inputGroup\">\n\t\t\t<p><label class=\"gynolifeIVF_inputLabel\">Ad Soyad *<\/label><br \/>\n<span class=\"wpcf7-form-control-wrap\" data-name=\"full_name\"><input size=\"40\" maxlength=\"400\" class=\"wpcf7-form-control wpcf7-text wpcf7-validates-as-required gynolifeIVF_input\" aria-required=\"true\" aria-invalid=\"false\" placeholder=\"Ad\u0131n\u0131z soyad\u0131n\u0131z\" value=\"\" type=\"text\" name=\"full_name\" \/><\/span>\n\t\t\t<\/p>\n\t\t<\/div>\n\t\t<div class=\"gynolifeIVF_inputGroup\">\n\t\t\t<p><label class=\"gynolifeIVF_inputLabel\">E-posta Adresi *<\/label><br \/>\n<span class=\"wpcf7-form-control-wrap\" data-name=\"gynolifeIVF_email\"><input size=\"40\" maxlength=\"400\" class=\"wpcf7-form-control wpcf7-email wpcf7-validates-as-required wpcf7-text wpcf7-validates-as-email gynolifeIVF_input\" aria-required=\"true\" aria-invalid=\"false\" placeholder=\"you@example.com\" value=\"\" type=\"email\" name=\"gynolifeIVF_email\" \/><\/span>\n\t\t\t<\/p>\n\t\t<\/div>\n\t\t<div class=\"gynolifeIVF_inputGroup\">\n\t\t\t<p><label class=\"gynolifeIVF_inputLabel\">Telefon Numaras\u0131 *<\/label><br \/>\n<span class=\"wpcf7-form-control-wrap\" data-name=\"gynolifeIVF_phone\"><input size=\"40\" maxlength=\"400\" class=\"wpcf7-form-control wpcf7-tel wpcf7-validates-as-required wpcf7-text wpcf7-validates-as-tel gynolifeIVF_input\" aria-required=\"true\" aria-invalid=\"false\" placeholder=\"+90 5XX XXX XX XX\" value=\"\" type=\"tel\" name=\"gynolifeIVF_phone\" \/><\/span>\n\t\t\t<\/p>\n\t\t<\/div>\n\t\t<div class=\"gynolifeIVF_inputGroup\">\n\t\t\t<p><label class=\"gynolifeIVF_inputLabel\">\u00dclke<\/label><br \/>\n<span class=\"wpcf7-form-control-wrap\" data-name=\"gynolifeIVF_country\"><select class=\"wpcf7-form-control wpcf7-select gynolifeIVF_input\" aria-invalid=\"false\" name=\"gynolifeIVF_country\"><option value=\"\">&#8212;Please choose an option&#8212;<\/option><option value=\"--- Select ---\">--- Se\u00e7 ---<\/option><option value=\"North Cyprus\">Kuzey K\u0131br\u0131s<\/option><option value=\"Turkey\">T\u00fcrkiye<\/option><option value=\"United Kingdom\">Birle\u015fik Krall\u0131k<\/option><option value=\"Germany\">Almanya<\/option><option value=\"Netherlands\">Hollanda<\/option><option value=\"Sweden\">\u0130sve\u00e7<\/option><option value=\"Denmark\">Danimarka<\/option><option value=\"Norway\">Norve\u00e7<\/option><option value=\"France\">Fransa<\/option><option value=\"Ireland\">\u0130rlanda<\/option><option value=\"Israel\">\u0130srail<\/option><option value=\"Russia\">Rusya<\/option><option value=\"Other\">Di\u011fer<\/option><\/select><\/span>\n\t\t\t<\/p>\n\t\t<\/div>\n\t\t<div class=\"gynolifeIVF_inputGroup\">\n\t\t\t<p><label class=\"gynolifeIVF_inputLabel\">Ya\u015f Aral\u0131\u011f\u0131<\/label><br \/>\n<span class=\"wpcf7-form-control-wrap\" data-name=\"gynolifeIVF_age\"><select class=\"wpcf7-form-control wpcf7-select gynolifeIVF_input\" aria-invalid=\"false\" name=\"gynolifeIVF_age\"><option value=\"\">&#8212;Please choose an option&#8212;<\/option><option value=\"--- Select ---\">--- Se\u00e7 ---<\/option><option value=\"Under 30\">30 ya\u015f alt\u0131<\/option><option value=\"30-34\">30-34<\/option><option value=\"35-39\">35-39<\/option><option value=\"40-44\">40-44<\/option><option value=\"45+\">45+<\/option><\/select><\/span>\n\t\t\t<\/p>\n\t\t<\/div>\n\t<\/div>\n\t<div class=\"gynolifeIVF_step\" data-step=\"2\">\n\t\t<div class=\"gynolifeIVF_inputGroup\">\n\t\t\t<p><label class=\"gynolifeIVF_inputLabel\">Sorunuz *<\/label><br \/>\n<span class=\"wpcf7-form-control-wrap\" data-name=\"gynolifeIVF_question\"><textarea cols=\"40\" rows=\"5\" maxlength=\"2000\" class=\"wpcf7-form-control wpcf7-textarea wpcf7-validates-as-required gynolifeIVF_input\" aria-required=\"true\" aria-invalid=\"false\" placeholder=\"Sorunuzu buraya yaz\u0131n...\" name=\"gynolifeIVF_question\"><\/textarea><\/span>\n\t\t\t<\/p>\n\t\t<\/div>\n\t<\/div>\n\t<div class=\"gynolifeIVF_buttonRow\">\n\t\t<p><button type=\"button\" class=\"gynolifeIVF_backButton\" style=\"display:none\" onclick=\"gynolifeIVF_previousStep()\">Geri<\/button><br \/>\n<button type=\"button\" class=\"gynolifeIVF_nextButton\" onclick=\"gynolifeIVF_nextStep()\">Devam et<\/button>\n\t\t<\/p>\n\t<\/div>\n\t<div class=\"gynolifeIVF_hiddenSubmit\">\n\t\t<p><div class=\"cf7-cf-turnstile\" style=\"margin-top: 0px; margin-bottom: -15px;\"> <div id=\"cf-turnstile-cf7-1856686447\" class=\"cf-turnstile\" data-sitekey=\"0x4AAAAAABSCF_cUomx_uGl-\" data-theme=\"auto\" data-language=\"auto\" data-size=\"normal\" data-retry=\"auto\" data-retry-interval=\"1000\" data-refresh-expired=\"auto\" data-refresh-timeout=\"auto\" data-action=\"contact-form-7\" data-callback=\"turnstileCF7Callback\" data-appearance=\"always\"><\/div> <script>document.addEventListener(\"DOMContentLoaded\", function() { setTimeout(function(){ var e=document.getElementById(\"cf-turnstile-cf7-1856686447\"); if(e&&!e.innerHTML.trim()){turnstile.render(e, {sitekey:\"0x4AAAAAABSCF_cUomx_uGl-\"});} }, 200); });<\/script> <br class=\"cf-turnstile-br cf-turnstile-br-cf7-1856686447\"> <style>#cf-turnstile-cf7-1856686447 { margin-left: -15px; }<\/style> <script>document.addEventListener(\"DOMContentLoaded\",function(){document.querySelectorAll('.wpcf7-form').forEach(function(e){e.addEventListener('submit',function(){if(document.getElementById('cf-turnstile-cf7-1856686447')){setTimeout(function(){turnstile.reset('#cf-turnstile-cf7-1856686447');},1000)}})})});<\/script> <\/div><br\/><input class=\"wpcf7-form-control wpcf7-submit has-spinner\" type=\"submit\" value=\"Soru G\u00f6nder\" \/>\n\t\t<\/p>\n\t<\/div>\n<\/div><p style=\"display: none !important;\" class=\"akismet-fields-container\" data-prefix=\"_wpcf7_ak_\"><label>Delta<textarea name=\"_wpcf7_ak_hp_textarea\" cols=\"45\" rows=\"8\" maxlength=\"100\"><\/textarea><\/label><input type=\"hidden\" id=\"ak_js_1\" name=\"_wpcf7_ak_js\" value=\"234\"\/><script>document.getElementById( \"ak_js_1\" ).setAttribute( \"value\", ( new Date() ).getTime() );<\/script><\/p><div class=\"wpcf7-response-output\" aria-hidden=\"true\"><\/div>\n<input type=\"hidden\" name=\"trp-form-language\" value=\"tr\"\/><\/form>\n<\/div>","protected":false},"excerpt":{"rendered":"","protected":false},"author":1,"featured_media":0,"parent":0,"menu_order":0,"comment_status":"closed","ping_status":"closed","template":"clinicmaster_template.php","meta":{"footnotes":""},"class_list":["post-3687","page","type-page","status-publish","hentry"],"aioseo_notices":[],"_links":{"self":[{"href":"https:\/\/gynolifeivf.com\/tr\/wp-json\/wp\/v2\/pages\/3687","targetHints":{"allow":["GET"]}}],"collection":[{"href":"https:\/\/gynolifeivf.com\/tr\/wp-json\/wp\/v2\/pages"}],"about":[{"href":"https:\/\/gynolifeivf.com\/tr\/wp-json\/wp\/v2\/types\/page"}],"author":[{"embeddable":true,"href":"https:\/\/gynolifeivf.com\/tr\/wp-json\/wp\/v2\/users\/1"}],"replies":[{"embeddable":true,"href":"https:\/\/gynolifeivf.com\/tr\/wp-json\/wp\/v2\/comments?post=3687"}],"version-history":[{"count":0,"href":"https:\/\/gynolifeivf.com\/tr\/wp-json\/wp\/v2\/pages\/3687\/revisions"}],"wp:attachment":[{"href":"https:\/\/gynolifeivf.com\/tr\/wp-json\/wp\/v2\/media?parent=3687"}],"curies":[{"name":"wp","href":"https:\/\/api.w.org\/{rel}","templated":true}]}}