{"id":3362,"date":"2025-05-26T09:07:09","date_gmt":"2025-05-26T09:07:09","guid":{"rendered":"https:\/\/gynolifeivf.com\/?page_id=3362"},"modified":"2025-05-26T09:20:55","modified_gmt":"2025-05-26T09:20:55","slug":"geri-bildirim-formu","status":"publish","type":"page","link":"https:\/\/gynolifeivf.com\/tr\/bize-ulasin\/geri-bildirim-formu\/","title":{"rendered":"Geri Bildirim Formu"},"content":{"rendered":"<div data-elementor-type=\"wp-page\" data-elementor-id=\"3362\" class=\"elementor elementor-3362\">\n\t\t\t\t<div class=\"elementor-element elementor-element-b5470a4 e-flex e-con-boxed e-con e-parent\" data-id=\"b5470a4\" data-element_type=\"container\" data-e-type=\"container\">\n\t\t\t\t\t<div class=\"e-con-inner\">\n\t\t\t\t<div class=\"elementor-element elementor-element-98ce257 elementor-widget elementor-widget-text-editor\" data-id=\"98ce257\" data-element_type=\"widget\" data-e-type=\"widget\" data-widget_type=\"text-editor.default\">\n\t\t\t\t<div class=\"elementor-widget-container\">\n\t\t\t\t\t\t\t\t\t\n<div class=\"wpcf7 no-js\" id=\"wpcf7-f4570-o1\" lang=\"\" dir=\"ltr\" data-wpcf7-id=\"4570\">\n<div class=\"screen-reader-response\"><p role=\"status\" aria-live=\"polite\" aria-atomic=\"true\"><\/p> <ul><\/ul><\/div>\n<form action=\"\/tr\/wp-json\/wp\/v2\/pages\/3362#wpcf7-f4570-o1\" method=\"post\" class=\"wpcf7-form init\" aria-label=\"\u0130leti\u015fim Formu\" novalidate=\"novalidate\" data-status=\"init\" data-trp-original-action=\"\/tr\/wp-json\/wp\/v2\/pages\/3362#wpcf7-f4570-o1\">\n<fieldset class=\"hidden-fields-container\"><input type=\"hidden\" name=\"_wpcf7\" value=\"4570\" \/><input type=\"hidden\" name=\"_wpcf7_version\" value=\"6.1.5\" \/><input type=\"hidden\" name=\"_wpcf7_locale\" value=\"\" \/><input type=\"hidden\" name=\"_wpcf7_unit_tag\" value=\"wpcf7-f4570-o1\" \/><input type=\"hidden\" name=\"_wpcf7_container_post\" value=\"0\" \/><input type=\"hidden\" name=\"_wpcf7_posted_data_hash\" value=\"\" \/>\n<\/fieldset>\n<div class=\"glf-container\">\n\t<div class=\"glf-header\">\n\t\t<h1>\ud83c\udfe5 GynoLife Patient Feedback Form\n\t\t<\/h1>\n\t\t<p>Your feedback helps us continuously improve the care we provide\n\t\t<\/p>\n\t<\/div>\n\n <!-- SECTION 1: Patient Information -->\n\t<div class=\"glf-section\">\n\t\t<h3 class=\"glf-section-title\">\ud83d\udc64 Patient Information\n\t\t<\/h3>\n\t\t<div class=\"glf-field\">\n\t\t\t<p><label>Ad Soyad <span class=\"required\">*<\/span><\/label><br \/>\n<span class=\"wpcf7-form-control-wrap\" data-name=\"full-name\"><input size=\"40\" maxlength=\"400\" class=\"wpcf7-form-control wpcf7-text wpcf7-validates-as-required\" aria-required=\"true\" aria-invalid=\"false\" placeholder=\"Your full name\" value=\"\" type=\"text\" name=\"full-name\" \/><\/span>\n\t\t\t<\/p>\n\t\t<\/div>\n\t\t<div class=\"glf-field\">\n\t\t\t<p><label>E-posta Adresi <span class=\"required\">*<\/span><\/label><br \/>\n<span class=\"wpcf7-form-control-wrap\" data-name=\"email\"><input size=\"40\" maxlength=\"400\" class=\"wpcf7-form-control wpcf7-email wpcf7-validates-as-required wpcf7-text wpcf7-validates-as-email\" aria-required=\"true\" aria-invalid=\"false\" placeholder=\"you@example.com\" value=\"\" type=\"email\" name=\"email\" \/><\/span>\n\t\t\t<\/p>\n\t\t<\/div>\n\t\t<div class=\"glf-field\">\n\t\t\t<p><label>Phone Number (with country code)<\/label><br \/>\n<span class=\"wpcf7-form-control-wrap\" data-name=\"phone\"><input size=\"40\" maxlength=\"400\" class=\"wpcf7-form-control wpcf7-tel wpcf7-text wpcf7-validates-as-tel\" aria-invalid=\"false\" placeholder=\"+90 5XX XXX XX XX\" value=\"\" type=\"tel\" name=\"phone\" \/><\/span>\n\t\t\t<\/p>\n\t\t<\/div>\n\t\t<div class=\"glf-field\">\n\t\t\t<p><label>Country of Residence <span class=\"required\">*<\/span><\/label><br \/>\n<span class=\"wpcf7-form-control-wrap\" data-name=\"country\"><select class=\"wpcf7-form-control wpcf7-select wpcf7-validates-as-required\" aria-required=\"true\" aria-invalid=\"false\" name=\"country\"><option value=\"\">&#8212;L\u00fctfen bir se\u00e7enek se\u00e7in&#8212;<\/option><option value=\"Select your country\">Select your country<\/option><option value=\"North Cyprus (KKTC)\">North Cyprus (KKTC)<\/option><option value=\"Turkey\">Turkey<\/option><option value=\"United Kingdom\">United Kingdom<\/option><option value=\"Germany\">Germany<\/option><option value=\"Netherlands\">Netherlands<\/option><option value=\"Sweden\">Sweden<\/option><option value=\"Denmark\">Denmark<\/option><option value=\"Norway\">Norway<\/option><option value=\"France\">France<\/option><option value=\"Ireland\">Ireland<\/option><option value=\"Israel\">Israel<\/option><option value=\"Russia\">Russia<\/option><option value=\"Ukraine\">Ukraine<\/option><option value=\"Kazakhstan\">Kazakhstan<\/option><option value=\"Azerbaijan\">Azerbaijan<\/option><option value=\"Iran\">Iran<\/option><option value=\"Iraq\">Iraq<\/option><option value=\"Libya\">Libya<\/option><option value=\"Jordan\">Jordan<\/option><option value=\"Saudi Arabia\">Saudi Arabia<\/option><option value=\"Pakistan\">Pakistan<\/option><option value=\"Nigeria\">Nigeria<\/option><option value=\"Other\">Di\u011fer<\/option><\/select><\/span>\n\t\t\t<\/p>\n\t\t<\/div>\n\t\t<div class=\"glf-field\">\n\t\t\t<p><label>Treatment Received <span class=\"required\">*<\/span><\/label><br \/>\n<span class=\"wpcf7-form-control-wrap\" data-name=\"service-type\"><select class=\"wpcf7-form-control wpcf7-select wpcf7-validates-as-required\" aria-required=\"true\" aria-invalid=\"false\" name=\"service-type\"><option value=\"\">&#8212;L\u00fctfen bir se\u00e7enek se\u00e7in&#8212;<\/option><option value=\"Select treatment\">Select treatment<\/option><option value=\"IVF Treatment\">T\u00fcp Bebek Tedavisi<\/option><option value=\"Egg Donation IVF\">Egg Donation IVF<\/option><option value=\"Embryo Donation\">Embriyo Ba\u011f\u0131\u015f\u0131<\/option><option value=\"Intrauterine Insemination (IUI)\">\u0130ntrauterin \u0130nseminasyon (IUI)<\/option><option value=\"Egg Freezing\">Yumurta Dondurma<\/option><option value=\"Sperm Freezing\">Sperm Dondurma<\/option><option value=\"Genetic Testing (PGT)\">Genetic Testing (PGT)<\/option><option value=\"Gender Selection\">Gender Selection<\/option><option value=\"Consultation Only\">Consultation Only<\/option><option value=\"Other\">Di\u011fer<\/option><\/select><\/span>\n\t\t\t<\/p>\n\t\t<\/div>\n\t\t<div class=\"glf-field\">\n\t\t\t<p><label>Treating Doctor<\/label><br \/>\n<span class=\"wpcf7-form-control-wrap\" data-name=\"treating-doctor\"><select class=\"wpcf7-form-control wpcf7-select\" aria-invalid=\"false\" name=\"treating-doctor\"><option value=\"\">&#8212;L\u00fctfen bir se\u00e7enek se\u00e7in&#8212;<\/option><option value=\"Select doctor\">Select doctor<\/option><option value=\"Dr. Hayat Izel\">Dr. Hayat Izel<\/option><option value=\"Prof. Dr. Burcu Ozbakir\">Prof. Dr. Burcu Ozbakir<\/option><option value=\"Other\">Di\u011fer<\/option><option value=\"I don&#039;t remember\">I don&#039;t remember<\/option><\/select><\/span>\n\t\t\t<\/p>\n\t\t<\/div>\n\t\t<div class=\"glf-field\">\n\t\t\t<p><label>Treatment Date (approximate)<\/label><br \/>\n<span class=\"wpcf7-form-control-wrap\" data-name=\"treatment-date\"><input class=\"wpcf7-form-control wpcf7-date wpcf7-validates-as-date\" aria-invalid=\"false\" value=\"\" type=\"date\" name=\"treatment-date\" \/><\/span>\n\t\t\t<\/p>\n\t\t<\/div>\n\t\t<div class=\"glf-field\">\n\t\t\t<p><label>Treatment Status<\/label><br \/>\n<span class=\"wpcf7-form-control-wrap\" data-name=\"treatment-status\"><select class=\"wpcf7-form-control wpcf7-select\" aria-invalid=\"false\" name=\"treatment-status\"><option value=\"\">&#8212;L\u00fctfen bir se\u00e7enek se\u00e7in&#8212;<\/option><option value=\"Select status\">Select status<\/option><option value=\"Completed successfully\">Completed successfully<\/option><option value=\"Treatment ongoing\">Treatment ongoing<\/option><option value=\"Awaiting results\">Awaiting results<\/option><option value=\"Did not proceed\">Did not proceed<\/option><option value=\"Prefer not to say\">Prefer not to say<\/option><\/select><\/span>\n\t\t\t<\/p>\n\t\t<\/div>\n\t<\/div>\n<hr class=\"glf-divider\" \/>\n\n <!-- SECTION 2: Satisfaction Ratings -->\n\t<div class=\"glf-section\">\n\t\t<h3 class=\"glf-section-title\">\u2b50 Your Experience\n\t\t<\/h3>\n\t\t<div class=\"glf-field\">\n\t\t\t<p><label>Overall Experience <span class=\"required\">*<\/span><\/label>\n\t\t\t<\/p>\n\t\t\t<div class=\"glf-rating\">\n\t\t\t\t<p><span class=\"wpcf7-form-control-wrap\" data-name=\"overall-satisfaction\"><span class=\"wpcf7-form-control wpcf7-radio\"><span class=\"wpcf7-list-item first\"><label><input type=\"radio\" name=\"overall-satisfaction\" value=\"1\" checked=\"checked\" \/><span class=\"wpcf7-list-item-label\">1<\/span><\/label><\/span><span class=\"wpcf7-list-item\"><label><input type=\"radio\" name=\"overall-satisfaction\" value=\"2\" \/><span class=\"wpcf7-list-item-label\">2<\/span><\/label><\/span><span class=\"wpcf7-list-item\"><label><input type=\"radio\" name=\"overall-satisfaction\" value=\"3\" \/><span class=\"wpcf7-list-item-label\">3<\/span><\/label><\/span><span class=\"wpcf7-list-item\"><label><input type=\"radio\" name=\"overall-satisfaction\" value=\"4\" \/><span class=\"wpcf7-list-item-label\">4<\/span><\/label><\/span><span class=\"wpcf7-list-item last\"><label><input type=\"radio\" name=\"overall-satisfaction\" value=\"5\" \/><span class=\"wpcf7-list-item-label\">5<\/span><\/label><\/span><\/span><\/span>\n\t\t\t\t<\/p>\n\t\t\t<\/div>\n\t\t\t<div class=\"glf-rating-legend\">\n\t\t\t\t<p><span>Very Poor<\/span><br \/>\n<span>Poor<\/span><br \/>\n<span>Average<\/span><br \/>\n<span>Good<\/span><br \/>\n<span>Excellent<\/span>\n\t\t\t\t<\/p>\n\t\t\t<\/div>\n\t\t<\/div>\n\t\t<div class=\"glf-field\">\n\t\t\t<p><label>Doctor &#038; Medical Team <span class=\"required\">*<\/span><\/label>\n\t\t\t<\/p>\n\t\t\t<div class=\"glf-rating\">\n\t\t\t\t<p><span class=\"wpcf7-form-control-wrap\" data-name=\"doctor-satisfaction\"><span class=\"wpcf7-form-control wpcf7-radio\"><span class=\"wpcf7-list-item first\"><label><input type=\"radio\" name=\"doctor-satisfaction\" value=\"1\" \/><span class=\"wpcf7-list-item-label\">1<\/span><\/label><\/span><span class=\"wpcf7-list-item\"><label><input type=\"radio\" name=\"doctor-satisfaction\" value=\"2\" \/><span class=\"wpcf7-list-item-label\">2<\/span><\/label><\/span><span class=\"wpcf7-list-item\"><label><input type=\"radio\" name=\"doctor-satisfaction\" value=\"3\" \/><span class=\"wpcf7-list-item-label\">3<\/span><\/label><\/span><span class=\"wpcf7-list-item\"><label><input type=\"radio\" name=\"doctor-satisfaction\" value=\"4\" \/><span class=\"wpcf7-list-item-label\">4<\/span><\/label><\/span><span class=\"wpcf7-list-item last\"><label><input type=\"radio\" name=\"doctor-satisfaction\" value=\"5\" \/><span class=\"wpcf7-list-item-label\">5<\/span><\/label><\/span><\/span><\/span>\n\t\t\t\t<\/p>\n\t\t\t<\/div>\n\t\t\t<div class=\"glf-rating-legend\">\n\t\t\t\t<p><span>Very Poor<\/span><br \/>\n<span>Poor<\/span><br \/>\n<span>Average<\/span><br \/>\n<span>Good<\/span><br \/>\n<span>Excellent<\/span>\n\t\t\t\t<\/p>\n\t\t\t<\/div>\n\t\t<\/div>\n\t\t<div class=\"glf-field\">\n\t\t\t<p><label>Communication &#038; Language Support <span class=\"required\">*<\/span><\/label>\n\t\t\t<\/p>\n\t\t\t<div class=\"glf-rating\">\n\t\t\t\t<p><span class=\"wpcf7-form-control-wrap\" data-name=\"communication\"><span class=\"wpcf7-form-control wpcf7-radio\"><span class=\"wpcf7-list-item first\"><label><input type=\"radio\" name=\"communication\" value=\"1\" \/><span class=\"wpcf7-list-item-label\">1<\/span><\/label><\/span><span class=\"wpcf7-list-item\"><label><input type=\"radio\" name=\"communication\" value=\"2\" \/><span class=\"wpcf7-list-item-label\">2<\/span><\/label><\/span><span class=\"wpcf7-list-item\"><label><input type=\"radio\" name=\"communication\" value=\"3\" \/><span class=\"wpcf7-list-item-label\">3<\/span><\/label><\/span><span class=\"wpcf7-list-item\"><label><input type=\"radio\" name=\"communication\" value=\"4\" \/><span class=\"wpcf7-list-item-label\">4<\/span><\/label><\/span><span class=\"wpcf7-list-item last\"><label><input type=\"radio\" name=\"communication\" value=\"5\" \/><span class=\"wpcf7-list-item-label\">5<\/span><\/label><\/span><\/span><\/span>\n\t\t\t\t<\/p>\n\t\t\t<\/div>\n\t\t\t<div class=\"glf-rating-legend\">\n\t\t\t\t<p><span>Very Poor<\/span><br \/>\n<span>Poor<\/span><br \/>\n<span>Average<\/span><br \/>\n<span>Good<\/span><br \/>\n<span>Excellent<\/span>\n\t\t\t\t<\/p>\n\t\t\t<\/div>\n\t\t<\/div>\n\t\t<div class=\"glf-field\">\n\t\t\t<p><label>Clinic Cleanliness &#038; Comfort <span class=\"required\">*<\/span><\/label>\n\t\t\t<\/p>\n\t\t\t<div class=\"glf-rating\">\n\t\t\t\t<p><span class=\"wpcf7-form-control-wrap\" data-name=\"clinic-environment\"><span class=\"wpcf7-form-control wpcf7-radio\"><span class=\"wpcf7-list-item first\"><label><input type=\"radio\" name=\"clinic-environment\" value=\"1\" \/><span class=\"wpcf7-list-item-label\">1<\/span><\/label><\/span><span class=\"wpcf7-list-item\"><label><input type=\"radio\" name=\"clinic-environment\" value=\"2\" \/><span class=\"wpcf7-list-item-label\">2<\/span><\/label><\/span><span class=\"wpcf7-list-item\"><label><input type=\"radio\" name=\"clinic-environment\" value=\"3\" \/><span class=\"wpcf7-list-item-label\">3<\/span><\/label><\/span><span class=\"wpcf7-list-item\"><label><input type=\"radio\" name=\"clinic-environment\" value=\"4\" \/><span class=\"wpcf7-list-item-label\">4<\/span><\/label><\/span><span class=\"wpcf7-list-item last\"><label><input type=\"radio\" name=\"clinic-environment\" value=\"5\" \/><span class=\"wpcf7-list-item-label\">5<\/span><\/label><\/span><\/span><\/span>\n\t\t\t\t<\/p>\n\t\t\t<\/div>\n\t\t\t<div class=\"glf-rating-legend\">\n\t\t\t\t<p><span>Very Poor<\/span><br \/>\n<span>Poor<\/span><br \/>\n<span>Average<\/span><br \/>\n<span>Good<\/span><br \/>\n<span>Excellent<\/span>\n\t\t\t\t<\/p>\n\t\t\t<\/div>\n\t\t<\/div>\n\t\t<div class=\"glf-field\">\n\t\t\t<p><label>Airport Transfer &#038; Accommodation Support<\/label>\n\t\t\t<\/p>\n\t\t\t<div class=\"glf-rating\">\n\t\t\t\t<p><span class=\"wpcf7-form-control-wrap\" data-name=\"logistics\"><span class=\"wpcf7-form-control wpcf7-radio\"><span class=\"wpcf7-list-item first\"><label><input type=\"radio\" name=\"logistics\" value=\"1\" \/><span class=\"wpcf7-list-item-label\">1<\/span><\/label><\/span><span class=\"wpcf7-list-item\"><label><input type=\"radio\" name=\"logistics\" value=\"2\" \/><span class=\"wpcf7-list-item-label\">2<\/span><\/label><\/span><span class=\"wpcf7-list-item\"><label><input type=\"radio\" name=\"logistics\" value=\"3\" \/><span class=\"wpcf7-list-item-label\">3<\/span><\/label><\/span><span class=\"wpcf7-list-item\"><label><input type=\"radio\" name=\"logistics\" value=\"4\" \/><span class=\"wpcf7-list-item-label\">4<\/span><\/label><\/span><span class=\"wpcf7-list-item\"><label><input type=\"radio\" name=\"logistics\" value=\"5\" \/><span class=\"wpcf7-list-item-label\">5<\/span><\/label><\/span><span class=\"wpcf7-list-item last\"><label><input type=\"radio\" name=\"logistics\" value=\"N\/A\" \/><span class=\"wpcf7-list-item-label\">N\/A<\/span><\/label><\/span><\/span><\/span>\n\t\t\t\t<\/p>\n\t\t\t<\/div>\n\t\t\t<div class=\"glf-rating-legend\">\n\t\t\t\t<p><span>Very Poor<\/span><br \/>\n<span>Poor<\/span><br \/>\n<span>Average<\/span><br \/>\n<span>Good<\/span><br \/>\n<span>Excellent<\/span><br \/>\n<span>N\/A<\/span>\n\t\t\t\t<\/p>\n\t\t\t<\/div>\n\t\t<\/div>\n\t<\/div>\n<hr class=\"glf-divider\" \/>\n\n <!-- SECTION 3: Recommendation & Comments -->\n\t<div class=\"glf-section\">\n\t\t<h3 class=\"glf-section-title\">\ud83d\udcac Your Feedback\n\t\t<\/h3>\n\t\t<div class=\"glf-field\">\n\t\t\t<p><label>How likely are you to recommend GynoLife to a friend or family member? <span class=\"required\">*<\/span><\/label>\n\t\t\t<\/p>\n\t\t\t<div class=\"glf-rating\">\n\t\t\t\t<p><span class=\"wpcf7-form-control-wrap\" data-name=\"nps-score\"><span class=\"wpcf7-form-control wpcf7-radio\"><span class=\"wpcf7-list-item first\"><label><input type=\"radio\" name=\"nps-score\" value=\"0\" \/><span class=\"wpcf7-list-item-label\">0<\/span><\/label><\/span><span class=\"wpcf7-list-item\"><label><input type=\"radio\" name=\"nps-score\" value=\"1\" \/><span class=\"wpcf7-list-item-label\">1<\/span><\/label><\/span><span class=\"wpcf7-list-item\"><label><input type=\"radio\" name=\"nps-score\" value=\"2\" \/><span class=\"wpcf7-list-item-label\">2<\/span><\/label><\/span><span class=\"wpcf7-list-item\"><label><input type=\"radio\" name=\"nps-score\" value=\"3\" \/><span class=\"wpcf7-list-item-label\">3<\/span><\/label><\/span><span class=\"wpcf7-list-item\"><label><input type=\"radio\" name=\"nps-score\" value=\"4\" \/><span class=\"wpcf7-list-item-label\">4<\/span><\/label><\/span><span class=\"wpcf7-list-item\"><label><input type=\"radio\" name=\"nps-score\" value=\"5\" \/><span class=\"wpcf7-list-item-label\">5<\/span><\/label><\/span><span class=\"wpcf7-list-item\"><label><input type=\"radio\" name=\"nps-score\" value=\"6\" \/><span class=\"wpcf7-list-item-label\">6<\/span><\/label><\/span><span class=\"wpcf7-list-item\"><label><input type=\"radio\" name=\"nps-score\" value=\"7\" \/><span class=\"wpcf7-list-item-label\">7<\/span><\/label><\/span><span class=\"wpcf7-list-item\"><label><input type=\"radio\" name=\"nps-score\" value=\"8\" \/><span class=\"wpcf7-list-item-label\">8<\/span><\/label><\/span><span class=\"wpcf7-list-item\"><label><input type=\"radio\" name=\"nps-score\" value=\"9\" \/><span class=\"wpcf7-list-item-label\">9<\/span><\/label><\/span><span class=\"wpcf7-list-item last\"><label><input type=\"radio\" name=\"nps-score\" value=\"10\" \/><span class=\"wpcf7-list-item-label\">10<\/span><\/label><\/span><\/span><\/span>\n\t\t\t\t<\/p>\n\t\t\t<\/div>\n\t\t\t<div class=\"glf-rating-legend\">\n\t\t\t\t<p><span>Not at all likely<\/span><br \/>\n<span>Extremely likely<\/span>\n\t\t\t\t<\/p>\n\t\t\t<\/div>\n\t\t<\/div>\n\t\t<div class=\"glf-field\">\n\t\t\t<p><label>How did you hear about GynoLife?<\/label><br \/>\n<span class=\"wpcf7-form-control-wrap\" data-name=\"referral-source\"><select class=\"wpcf7-form-control wpcf7-select\" aria-invalid=\"false\" name=\"referral-source\"><option value=\"\">&#8212;L\u00fctfen bir se\u00e7enek se\u00e7in&#8212;<\/option><option value=\"Select\">Select<\/option><option value=\"Google Search\">Google Search<\/option><option value=\"Instagram\">Instagram<\/option><option value=\"Facebook\">Facebook<\/option><option value=\"YouTube\">YouTube<\/option><option value=\"Friend \/ Family Referral\">Friend \/ Family Referral<\/option><option value=\"Doctor Referral\">Doctor Referral<\/option><option value=\"Medical Tourism Agency\">Medical Tourism Agency<\/option><option value=\"Online Forum\">Online Forum<\/option><option value=\"Other\">Di\u011fer<\/option><\/select><\/span>\n\t\t\t<\/p>\n\t\t<\/div>\n\t\t<div class=\"glf-field\">\n\t\t\t<p><label>What did we do well?<\/label><br \/>\n<span class=\"wpcf7-form-control-wrap\" data-name=\"positive-feedback\"><textarea cols=\"40\" rows=\"10\" maxlength=\"2000\" class=\"wpcf7-form-control wpcf7-textarea\" aria-invalid=\"false\" placeholder=\"Tell us what you appreciated most...\" name=\"positive-feedback\"><\/textarea><\/span>\n\t\t\t<\/p>\n\t\t<\/div>\n\t\t<div class=\"glf-field\">\n\t\t\t<p><label>What could we improve?<\/label><br \/>\n<span class=\"wpcf7-form-control-wrap\" data-name=\"improvement-feedback\"><textarea cols=\"40\" rows=\"10\" maxlength=\"2000\" class=\"wpcf7-form-control wpcf7-textarea\" aria-invalid=\"false\" placeholder=\"Any suggestions to help us do better...\" name=\"improvement-feedback\"><\/textarea><\/span>\n\t\t\t<\/p>\n\t\t<\/div>\n\t\t<div class=\"glf-field\">\n\t\t\t<div class=\"glf-checks\">\n\t\t\t\t<p><span class=\"wpcf7-form-control-wrap\" data-name=\"consent\"><span class=\"wpcf7-form-control wpcf7-checkbox\"><span class=\"wpcf7-list-item first last\"><label><input type=\"checkbox\" name=\"consent[]\" value=\"I agree that my feedback may be used anonymously for quality improvement purposes.\" \/><span class=\"wpcf7-list-item-label\">I agree that my feedback may be used anonymously for quality improvement purposes.<\/span><\/label><\/span><\/span><\/span><br \/>\n<span class=\"wpcf7-form-control-wrap\" data-name=\"testimonial\"><span class=\"wpcf7-form-control wpcf7-checkbox\"><span class=\"wpcf7-list-item first last\"><label><input type=\"checkbox\" name=\"testimonial[]\" value=\"I give permission for my feedback to be used as an anonymous testimonial on GynoLife&#039;s website and social media.\" \/><span class=\"wpcf7-list-item-label\">I give permission for my feedback to be used as an anonymous testimonial on GynoLife&#039;s website and social media.<\/span><\/label><\/span><\/span><\/span><br \/>\n<span class=\"wpcf7-form-control-wrap\" data-name=\"newsletter\"><span class=\"wpcf7-form-control wpcf7-checkbox\"><span class=\"wpcf7-list-item first last\"><label><input type=\"checkbox\" name=\"newsletter[]\" value=\"I&#039;d like to receive health tips and updates from GynoLife.\" \/><span class=\"wpcf7-list-item-label\">I&#039;d like to receive health tips and updates from GynoLife.<\/span><\/label><\/span><\/span><\/span>\n\t\t\t\t<\/p>\n\t\t\t<\/div>\n\t\t<\/div>\n\t\t<p><div class=\"cf7-cf-turnstile\" style=\"margin-top: 0px; margin-bottom: -15px;\"> <div id=\"cf-turnstile-cf7-3460859963\" class=\"cf-turnstile\" data-sitekey=\"0x4AAAAAABSCF_cUomx_uGl-\" data-theme=\"auto\" data-language=\"auto\" data-size=\"normal\" data-retry=\"auto\" data-retry-interval=\"1000\" data-refresh-expired=\"auto\" data-refresh-timeout=\"auto\" data-action=\"contact-form-7\" data-callback=\"turnstileCF7Callback\" data-appearance=\"always\"><\/div> <script>document.addEventListener(\"DOMContentLoaded\", function() { setTimeout(function(){ var e=document.getElementById(\"cf-turnstile-cf7-3460859963\"); if(e&&!e.innerHTML.trim()){turnstile.render(e, {sitekey:\"0x4AAAAAABSCF_cUomx_uGl-\"});} }, 200); });<\/script> <br class=\"cf-turnstile-br cf-turnstile-br-cf7-3460859963\"> <style>#cf-turnstile-cf7-3460859963 { margin-left: -15px; }<\/style> <script>document.addEventListener(\"DOMContentLoaded\",function(){document.querySelectorAll('.wpcf7-form').forEach(function(e){e.addEventListener('submit',function(){if(document.getElementById('cf-turnstile-cf7-3460859963')){setTimeout(function(){turnstile.reset('#cf-turnstile-cf7-3460859963');},1000)}})})});<\/script> <\/div><br\/><input class=\"wpcf7-form-control wpcf7-submit has-spinner glf-submit\" type=\"submit\" value=\"\ud83d\udce4 Submit Feedback\" \/>\n\t\t<\/p>\n\t<\/div>\n<\/div>\n<p style=\"display: none !important;\" class=\"akismet-fields-container\" data-prefix=\"_wpcf7_ak_\"><label>&#916;<textarea name=\"_wpcf7_ak_hp_textarea\" cols=\"45\" rows=\"8\" maxlength=\"100\"><\/textarea><\/label><input type=\"hidden\" id=\"ak_js_1\" name=\"_wpcf7_ak_js\" value=\"105\"\/><script>document.getElementById( \"ak_js_1\" ).setAttribute( \"value\", ( new Date() ).getTime() );<\/script><\/p><div class=\"wpcf7-response-output\" aria-hidden=\"true\"><\/div>\n<input type=\"hidden\" name=\"trp-form-language\" value=\"tr\"\/><\/form>\n<\/div>\n\t\t\t\t\t\t\t\t<\/div>\n\t\t\t\t<\/div>\n\t\t\t\t\t<\/div>\n\t\t\t\t<\/div>\n\t\t\t\t<\/div>","protected":false},"excerpt":{"rendered":"","protected":false},"author":1,"featured_media":0,"parent":499,"menu_order":0,"comment_status":"closed","ping_status":"closed","template":"clinicmaster_template.php","meta":{"footnotes":""},"class_list":["post-3362","page","type-page","status-publish","hentry"],"aioseo_notices":[],"_links":{"self":[{"href":"https:\/\/gynolifeivf.com\/tr\/wp-json\/wp\/v2\/pages\/3362","targetHints":{"allow":["GET"]}}],"collection":[{"href":"https:\/\/gynolifeivf.com\/tr\/wp-json\/wp\/v2\/pages"}],"about":[{"href":"https:\/\/gynolifeivf.com\/tr\/wp-json\/wp\/v2\/types\/page"}],"author":[{"embeddable":true,"href":"https:\/\/gynolifeivf.com\/tr\/wp-json\/wp\/v2\/users\/1"}],"replies":[{"embeddable":true,"href":"https:\/\/gynolifeivf.com\/tr\/wp-json\/wp\/v2\/comments?post=3362"}],"version-history":[{"count":0,"href":"https:\/\/gynolifeivf.com\/tr\/wp-json\/wp\/v2\/pages\/3362\/revisions"}],"up":[{"embeddable":true,"href":"https:\/\/gynolifeivf.com\/tr\/wp-json\/wp\/v2\/pages\/499"}],"wp:attachment":[{"href":"https:\/\/gynolifeivf.com\/tr\/wp-json\/wp\/v2\/media?parent=3362"}],"curies":[{"name":"wp","href":"https:\/\/api.w.org\/{rel}","templated":true}]}}