{"id":167,"date":"2024-08-26T07:08:53","date_gmt":"2024-08-26T07:08:53","guid":{"rendered":"http:\/\/clinicmaster.wprdx.com\/medical\/?page_id=167"},"modified":"2025-06-17T09:45:21","modified_gmt":"2025-06-17T09:45:21","slug":"tup-bebek-tedavisi-hakkinda-sikca-sorulan-sorular","status":"publish","type":"page","link":"https:\/\/gynolifeivf.com\/tr\/tup-bebek-tedavisi-hakkinda-sikca-sorulan-sorular\/","title":{"rendered":"T\u00fcp Bebek Tedavisi \u2013 S\u0131k\u00e7a Sorulan Sorular"},"content":{"rendered":"<div data-elementor-type=\"wp-page\" data-elementor-id=\"167\" class=\"elementor elementor-167\">\n\t\t\t\t<div class=\"elementor-element elementor-element-26659be e-con-full e-flex e-con e-parent\" data-id=\"26659be\" data-element_type=\"container\" data-e-type=\"container\">\n\t\t\t\t<div class=\"elementor-element elementor-element-529fce9 elementor-widget elementor-widget-dz-faq-listing-1\" data-id=\"529fce9\" data-element_type=\"widget\" data-e-type=\"widget\" data-widget_type=\"dz-faq-listing-1.default\">\n\t\t\t\t<div class=\"elementor-widget-container\">\n\t\t\t\t\t\t\r\n\t<section class=\"content-inner\"  style=\"background-image: url(http:\/\/gynolifeivf.com\/wp-content\/uploads\/2024\/08\/bg3.png);     background-position: right bottom; background-repeat: no-repeat;\">\r\n\t\t<div class=\"container\">\r\n\t\t\t<div class=\"row content-wrapper style-5\">\r\n\t\t\t\t<div class=\"col-xxl-7 col-xl-6 col-lg-5 m-b30 align-self-center\">\r\n\t\t\t\t\t<div class=\"content-info\">\r\n\t\t\t\t\t\t\t\t\t\t\t\t<div class=\"section-head style-1 m-b30\">\r\n\t\t\t\t\t\t\t\t\t\t\t\t\t\t\t<span class=\"sub-title text-primary sub-title-icon\">\r\n\t\t\t\t\t\t\t\t\t\t\t\t\t\t\t\t\t\t\t<img decoding=\"async\" src=\"http:\/\/gynolifeivf.com\/wp-content\/uploads\/2025\/04\/cropped-simge.png\" alt=\"Icom G\u00f6r\u00fcnt\u00fc\"\/>\r\n\t\t\t\t\t\t\t\t\t\t\t\t\t\t\t\t\t\tSss'ler\t\t\t\t\t\t\t\t<\/span>\r\n\t\t\t\t\t\t\t\t\t\t\t\t\t\t\t\t\t\t\t\t\t\t\t<h2 class=\"title\">S\u0131k\u00e7a Sorulan Sorular<\/h2>\r\n\t\t\t\t\t\t\t\t\t\t\t\t\t\t\t<p>IVF hakk\u0131nda en s\u0131k sorulan sorulara net yan\u0131tlar bulun - s\u00fcrecin nas\u0131l i\u015fledi\u011finden kimler i\u00e7in oldu\u011funa, ba\u015far\u0131 oranlar\u0131na ve yol boyunca neler beklemeniz gerekti\u011fine kadar. Ebeveynli\u011fe giden yolculu\u011funuz anlamakla ba\u015flar.\n\n<\/p>\r\n\t\t\t\t\t\t\t\t\t\t\t\t\t<\/div>\r\n\t\t\t\t\t\t\t\t\t\t\t\t<div class=\"accordion dz-accordion style-1\" id=\"accordionExample\">\r\n\t\t\t\t\t\t\t\t\t\t\t\t\t\t\t\t<div class=\"accordion-item wow fadeInUp\" data-wow-delay=\"0.5s\" data-wow-duration=\"0.8s\">\r\n\t\t\t\t\t\t\t\t\t\t\t\t\t\t\t\t\t\t\t<h2 class=\"accordion-header\">\r\n\t\t\t\t\t\t\t\t\t\t\t<button class=\"accordion-button\" type=\"button\" data-bs-toggle=\"collapse\" data-bs-target=\"#collapseOne1\" aria-expanded=\"true\" aria-controls=\"collapseOne1\">\r\n\t\t\t\t\t\t\t\t\t\t\t\tT\u00fcp Bebek Tedavisi \u0130\u00e7in Kuzey K\u0131br\u0131s'ta Olmak Sorun Yarat\u0131r m\u0131?\t\t\t\t\t\t\t\t\t\t\t<\/button>\r\n\t\t\t\t\t\t\t\t\t\t<\/h2>\r\n\t\t\t\t\t\t\t\t\t\t\t\t\t\t\t\t\t\t\t<div id=\"collapseOne1\" class=\"accordion-collapse collapse  show\" data-bs-parent=\"#accordionExample\">\r\n\t\t\t\t\t\t\t\t\t\t\t<div class=\"accordion-body\">\r\n\t\t\t\t\t\t\t\t\t\t\t\t<p>Hay\u0131r, Kuzey K\u0131br\u0131s'ta bulunmak IVF Tedavisi i\u00e7in bir sorun te\u015fkil etmez. Aksine, K\u0131br\u0131s geli\u015fmi\u015f t\u0131bbi tesisleri, y\u00fcksek ba\u015far\u0131 oranlar\u0131 ve deneyimli uzmanlar\u0131yla k\u0131s\u0131rl\u0131k tedavileri i\u00e7in \u00f6nde gelen bir destinasyon haline gelmi\u015ftir. Adaya \u00e7e\u015fitli \u00fclkelerden do\u011frudan u\u00e7u\u015flar oldu\u011fu i\u00e7in klini\u011fimize kolayca ula\u015fabilirsiniz. Ayr\u0131ca, Rum taraf\u0131ndan geliyorsan\u0131z s\u0131n\u0131r kap\u0131s\u0131n\u0131 ge\u00e7erek klini\u011fimize sorunsuz bir \u015fekilde seyahat edebilirsiniz. T\u00fcrkiye'den seyahat ediyorsan\u0131z, Kuzey K\u0131br\u0131s'a direkt u\u00e7u\u015f yapabilir veya aktarmal\u0131 u\u00e7u\u015flar\u0131 kullanabilirsiniz. Konforunuz i\u00e7in, klini\u011fe kolay ula\u015f\u0131m\u0131n\u0131z\u0131 sa\u011flamak amac\u0131yla ula\u015f\u0131m hizmetleri de sunmaktay\u0131z. Direkt taksilerimiz sizi havaalan\u0131ndan veya di\u011fer var\u0131\u015f noktalar\u0131ndan alarak sorunsuz ve stressiz bir deneyim ya\u015fatacakt\u0131r.<\/p>\r\n\t\t\t\t\t\t\t\t\t\t\t<\/div>\r\n\t\t\t\t\t\t\t\t\t\t<\/div>\r\n\t\t\t\t\t\t\t\t\t\t\t\t\t\t\t\t\t\t\r\n\t\t\t\t\t\t\t\t\t<\/div>\r\n\t\t\t\t\t\t\t\t\t\t\t\t\t\t\t\t\t<div class=\"accordion-item wow fadeInUp\" data-wow-delay=\"0.5s\" data-wow-duration=\"0.8s\">\r\n\t\t\t\t\t\t\t\t\t\t\t\t\t\t\t\t\t\t\t<h2 class=\"accordion-header\">\r\n\t\t\t\t\t\t\t\t\t\t\t<button class=\"accordion-button collapsed\" type=\"button\" data-bs-toggle=\"collapse\" data-bs-target=\"#collapseOne2\" aria-expanded=\"true\" aria-controls=\"collapseOne2\">\r\n\t\t\t\t\t\t\t\t\t\t\t\tT\u00fcp Bebek Tedavisi \u0130\u00e7in K\u0131br\u0131s'ta Ka\u00e7 G\u00fcn Kalaca\u011f\u0131m?\t\t\t\t\t\t\t\t\t\t\t<\/button>\r\n\t\t\t\t\t\t\t\t\t\t<\/h2>\r\n\t\t\t\t\t\t\t\t\t\t\t\t\t\t\t\t\t\t\t<div id=\"collapseOne2\" class=\"accordion-collapse collapse\" data-bs-parent=\"#accordionExample\">\r\n\t\t\t\t\t\t\t\t\t\t\t<div class=\"accordion-body\">\r\n\t\t\t\t\t\t\t\t\t\t\t\t<p>K\u0131br\u0131s'ta T\u00fcp Bebek Tedavisi s\u00fcreniz, tedavinin belirli a\u015famalar\u0131na ve bireysel ihtiya\u00e7lar\u0131n\u0131za ba\u011fl\u0131 olarak de\u011fi\u015fiklik g\u00f6stermektedir. Genel olarak, standart bir t\u00fcp bebek tedavisi d\u00f6ng\u00fcs\u00fc i\u00e7in 7 ila 10 g\u00fcnl\u00fck bir konaklama s\u00fcresi bekleyebilirsiniz. \u0130\u015fte tipik bir zaman \u00e7izelgesi: 1. G\u00fcn: Var\u0131\u015f ve ilk dan\u0131\u015fma. 2-5. G\u00fcnler: Yumurtal\u0131k uyar\u0131m\u0131 ve izlenmesi (gerekliyse). 6-7. G\u00fcnler: Yumurta toplama ve embriyo transferi. 10. G\u00fcn: Gebelik testi ve takip dan\u0131\u015fmanl\u0131\u011f\u0131. Yumurta veya sperm donasyonu gibi ek prosed\u00fcrlere ihtiyac\u0131n\u0131z varsa veya genetik tarama yap\u0131l\u0131yorsa, konaklama s\u00fcreniz biraz daha uzun olabilir. T\u00fcp Bebek Tedavisi koordinat\u00f6r\u00fcn\u00fcz, tedavi plan\u0131n\u0131za g\u00f6re size ayr\u0131nt\u0131l\u0131 bir program sunacakt\u0131r.<\/p>\r\n\t\t\t\t\t\t\t\t\t\t\t<\/div>\r\n\t\t\t\t\t\t\t\t\t\t<\/div>\r\n\t\t\t\t\t\t\t\t\t\t\t\t\t\t\t\t\t\t\r\n\t\t\t\t\t\t\t\t\t<\/div>\r\n\t\t\t\t\t\t\t\t\t\t\t\t\t\t\t\t\t<div class=\"accordion-item wow fadeInUp\" data-wow-delay=\"0.5s\" data-wow-duration=\"0.8s\">\r\n\t\t\t\t\t\t\t\t\t\t\t\t\t\t\t\t\t\t\t<h2 class=\"accordion-header\">\r\n\t\t\t\t\t\t\t\t\t\t\t<button class=\"accordion-button collapsed\" type=\"button\" data-bs-toggle=\"collapse\" data-bs-target=\"#collapseOne3\" aria-expanded=\"true\" aria-controls=\"collapseOne3\">\r\n\t\t\t\t\t\t\t\t\t\t\t\tIVF Tedavisi \u0130\u00e7in Yan\u0131ma Ne Almal\u0131y\u0131m?\t\t\t\t\t\t\t\t\t\t\t<\/button>\r\n\t\t\t\t\t\t\t\t\t\t<\/h2>\r\n\t\t\t\t\t\t\t\t\t\t\t\t\t\t\t\t\t\t\t<div id=\"collapseOne3\" class=\"accordion-collapse collapse\" data-bs-parent=\"#accordionExample\">\r\n\t\t\t\t\t\t\t\t\t\t\t<div class=\"accordion-body\">\r\n\t\t\t\t\t\t\t\t\t\t\t\t<p>T\u00fcp Bebek Tedavisi i\u00e7in K\u0131br\u0131s'a gelirken iyi haz\u0131rlanm\u0131\u015f olmak \u00f6nemlidir. \u0130\u015fte yan\u0131n\u0131zda getirmeniz gereken temel e\u015fyalar\u0131n bir listesi: Ge\u00e7erli Pasaport ve Seyahat Belgeleri: Pasaport ve seyahat i\u00e7in gerekli vizeler de dahil olmak \u00fczere t\u00fcm seyahat belgelerinizin eksiksiz oldu\u011fundan emin olun. T\u0131bbi Kay\u0131tlar ve Raporlar: T\u0131bbi ge\u00e7mi\u015finizin g\u00f6zden ge\u00e7irilebilmesi i\u00e7in \u00f6nceki do\u011furganl\u0131k testlerinizi, kan testlerinizi, ultrason raporlar\u0131n\u0131z\u0131 ve \u00f6nceki IVF Tedavi kay\u0131tlar\u0131n\u0131z\u0131 getirmeyi unutmay\u0131n. Re\u00e7eteli \u0130la\u00e7lar: Halihaz\u0131rda kulland\u0131\u011f\u0131n\u0131z re\u00e7eteli ila\u00e7lar\u0131 yan\u0131n\u0131zda getirin. Mevcut tedavilerinizin ve dozajlar\u0131n\u0131z\u0131n bir listesini haz\u0131rlamak da yararl\u0131d\u0131r. Rahat K\u0131yafetler: Kald\u0131\u011f\u0131n\u0131z s\u00fcre boyunca rahat k\u0131yafetler getirin. T\u0131bbi prosed\u00fcrler i\u00e7in \u00f6zel k\u0131yafetler giymeniz gerekebilir, bu nedenle kons\u00fcltasyonlar ve tedaviler i\u00e7in rahat, bol k\u0131yafetler se\u00e7in. Ki\u015fisel Kimlik: Kimlik kart\u0131n\u0131z\u0131n bir kopyas\u0131n\u0131 ve tedavi s\u0131ras\u0131nda ihtiya\u00e7 duyabilece\u011finiz di\u011fer kimlik belgelerini yan\u0131n\u0131zda getirin. Seyahat Sigortas\u0131 ve Sa\u011fl\u0131k Kapsam\u0131 Bilgileri: Seyahat sigortan\u0131z veya sa\u011fl\u0131k sigortan\u0131z varsa, acil durumlar i\u00e7in ilgili belgeleri getirmeyi unutmay\u0131n. Kozmetik ve Tuvalet Malzemeleri: Normal ki\u015fisel bak\u0131m \u00fcr\u00fcnlerinizi (di\u015f f\u0131r\u00e7as\u0131, di\u015f macunu, cilt bak\u0131m \u00fcr\u00fcnleri vb.) getirin. Evinizden uzakta ge\u00e7irece\u011finiz s\u00fcre boyunca kendinizi rahat hissetmenizi sa\u011flayacak \u015feyler getirmeniz faydal\u0131 olacakt\u0131r. Konfor E\u015fyalar\u0131: Konaklaman\u0131z\u0131 daha rahat ve keyifli hale getirecek kitap, m\u00fczik veya ki\u015fisel e\u015fyalar gibi konfor e\u015fyalar\u0131 getirmeyi d\u00fc\u015f\u00fcnebilirsiniz. Nakit veya Kredi Kartlar\u0131: Yerel para birimi (T\u00fcrk Liras\u0131 veya Euro) veya kredi kart\u0131 getirin. T\u0131bbi tedavi ve ek hizmetler i\u00e7in \u00f6deme yapman\u0131z gerekebilir. Di\u011fer \u00d6zel \u0130stekler: \u00d6zel diyet ihtiya\u00e7lar\u0131n\u0131z varsa veya belirli \u00fcr\u00fcnlere ihtiyac\u0131n\u0131z varsa, bunlar\u0131 yan\u0131n\u0131zda getirdi\u011finizden veya size yard\u0131mc\u0131 olabilmemiz i\u00e7in ekibimizi \u00f6nceden bilgilendirdi\u011finizden emin olun.<\/p>\r\n\t\t\t\t\t\t\t\t\t\t\t<\/div>\r\n\t\t\t\t\t\t\t\t\t\t<\/div>\r\n\t\t\t\t\t\t\t\t\t\t\t\t\t\t\t\t\t\t\r\n\t\t\t\t\t\t\t\t\t<\/div>\r\n\t\t\t\t\t\t\t\t\t\t\t\t\t\t\t\t\t<div class=\"accordion-item wow fadeInUp\" data-wow-delay=\"0.5s\" data-wow-duration=\"0.8s\">\r\n\t\t\t\t\t\t\t\t\t\t\t\t\t\t\t\t\t\t\t<h2 class=\"accordion-header\">\r\n\t\t\t\t\t\t\t\t\t\t\t<button class=\"accordion-button collapsed\" type=\"button\" data-bs-toggle=\"collapse\" data-bs-target=\"#collapseOne4\" aria-expanded=\"true\" aria-controls=\"collapseOne4\">\r\n\t\t\t\t\t\t\t\t\t\t\t\tK\u0131br\u0131s'ta S\u00fcrekli \u0130leti\u015fim \u0130\u00e7in \u00d6zel Bir Koordinat\u00f6r\u00fcm Olacak m\u0131?\t\t\t\t\t\t\t\t\t\t\t<\/button>\r\n\t\t\t\t\t\t\t\t\t\t<\/h2>\r\n\t\t\t\t\t\t\t\t\t\t\t\t\t\t\t\t\t\t\t<div id=\"collapseOne4\" class=\"accordion-collapse collapse\" data-bs-parent=\"#accordionExample\">\r\n\t\t\t\t\t\t\t\t\t\t\t<div class=\"accordion-body\">\r\n\t\t\t\t\t\t\t\t\t\t\t\t<p>Evet, Gynolife IVF'de tedavi s\u00fcreciniz boyunca size \u00f6zel bir VIP T\u00fcp Bebek Tedavi Koordinat\u00f6r\u00fc atanacakt\u0131r. K\u0131br\u0131s'a var\u0131\u015f\u0131n\u0131zdan tedavinizin tamamlanmas\u0131na kadar, koordinat\u00f6r\u00fcn\u00fcz sizinle s\u00fcrekli ileti\u015fim halinde olacak ve her ad\u0131mda yan\u0131n\u0131zda olacakt\u0131r. Koordinat\u00f6r\u00fcn\u00fcz IVF Tedavisinin her a\u015famas\u0131nda size yard\u0131mc\u0131 olacakt\u0131r ve bu yard\u0131m \u015funlar\u0131 i\u00e7erebilir: Klini\u011fe ve havaalan\u0131na ula\u015f\u0131m\u0131n ayarlanmas\u0131: Klinik ve havaalan\u0131 aras\u0131ndaki ula\u015f\u0131m\u0131n\u0131z\u0131 organize eder. Tedavi program\u0131n\u0131z hakk\u0131nda ayr\u0131nt\u0131l\u0131 bilgi: Tedavi s\u00fcrecinizin her a\u015famas\u0131nda sizi nelerin bekledi\u011fi konusunda sizi bilgilendirir. T\u0131bbi veya lojistik sorular\u0131n\u0131za yan\u0131tlar: Konaklaman\u0131z boyunca t\u00fcm sorular\u0131n\u0131z\u0131 yan\u0131tlar. Ki\u015fiselle\u015ftirilmi\u015f destek: Tercih etti\u011finiz dilde size yard\u0131mc\u0131 olur, kendinizi her zaman rahat ve bilgili hissetmenizi sa\u011flar. Duygusal destek: S\u00fcre\u00e7 boyunca kendinizi g\u00fcvende ve \u00f6zenli hissetmenizi sa\u011flar. Koordinat\u00f6r\u00fcn\u00fczle telefon, e-posta veya mesaj yoluyla kolayca ileti\u015fime ge\u00e7ebilirsiniz ve koordinat\u00f6r\u00fcn\u00fcz 7\/24 hizmetinizde olacakt\u0131r. Bu, sorunsuz ve stressiz bir deneyim i\u00e7in gereken t\u00fcm deste\u011fi alman\u0131z\u0131 sa\u011flar.<\/p>\r\n\t\t\t\t\t\t\t\t\t\t\t<\/div>\r\n\t\t\t\t\t\t\t\t\t\t<\/div>\r\n\t\t\t\t\t\t\t\t\t\t\t\t\t\t\t\t\t\t\r\n\t\t\t\t\t\t\t\t\t<\/div>\r\n\t\t\t\t\t\t\t\t\t\t\t\t\t\t\t\t\t<div class=\"accordion-item wow fadeInUp\" data-wow-delay=\"0.5s\" data-wow-duration=\"0.8s\">\r\n\t\t\t\t\t\t\t\t\t\t\t\t\t\t\t\t\t\t\t<h2 class=\"accordion-header\">\r\n\t\t\t\t\t\t\t\t\t\t\t<button class=\"accordion-button collapsed\" type=\"button\" data-bs-toggle=\"collapse\" data-bs-target=\"#collapseOne5\" aria-expanded=\"true\" aria-controls=\"collapseOne5\">\r\n\t\t\t\t\t\t\t\t\t\t\t\tT\u00fcp Bebek Tedavisi Ba\u015far\u0131s\u0131z Olursa Ne Olur?\t\t\t\t\t\t\t\t\t\t\t<\/button>\r\n\t\t\t\t\t\t\t\t\t\t<\/h2>\r\n\t\t\t\t\t\t\t\t\t\t\t\t\t\t\t\t\t\t\t<div id=\"collapseOne5\" class=\"accordion-collapse collapse\" data-bs-parent=\"#accordionExample\">\r\n\t\t\t\t\t\t\t\t\t\t\t<div class=\"accordion-body\">\r\n\t\t\t\t\t\t\t\t\t\t\t\t<p>T\u00fcp Bebek Tedavisi her zaman gebelikle sonu\u00e7lanmaz ve bu hayal k\u0131r\u0131kl\u0131\u011f\u0131 yaratabilir. Bununla birlikte, IVF Tedavisi d\u00f6ng\u00fcn\u00fcz ba\u015far\u0131s\u0131z olsa bile, at\u0131labilecek birka\u00e7 se\u00e7enek ve ad\u0131m vard\u0131r: Doktorunuzla Kons\u00fcltasyon: IVF Tedavi d\u00f6ng\u00fcn\u00fcz ba\u015far\u0131s\u0131z olduysa, do\u011furganl\u0131k uzman\u0131n\u0131zla bir takip randevusu planlaman\u0131z gerekecektir. Bu kons\u00fcltasyon s\u0131ras\u0131nda doktorunuz tedavi d\u00f6ng\u00fcn\u00fcz\u00fc kapsaml\u0131 bir \u015fekilde g\u00f6zden ge\u00e7irecek ve ba\u015far\u0131s\u0131zl\u0131\u011f\u0131n olas\u0131 nedenlerini tart\u0131\u015facakt\u0131r. Embriyo Dondurma: D\u00f6ng\u00fc s\u0131ras\u0131nda sa\u011fl\u0131kl\u0131 embriyolar olu\u015fturulmu\u015f ve dondurulmu\u015fsa, bu embriyolar \u00e7\u00f6z\u00fclebilir ve sonraki bir dondurulmu\u015f embriyo transferi (FET) d\u00f6ng\u00fcs\u00fcnde transfer edilebilir. Bu, ek sa\u011fl\u0131kl\u0131 embriyolar\u0131 olan \u00e7iftler i\u00e7in m\u00fckemmel bir se\u00e7enek olabilir. Ek Testler veya Ayarlamalar: Baz\u0131 durumlarda, ba\u015far\u0131s\u0131zl\u0131\u011f\u0131n nedenini anlamak i\u00e7in ek testler \u00f6nerilebilir. Bunlar aras\u0131nda genetik taramalar, hormonal de\u011ferlendirmeler veya rahim ortam\u0131n\u0131n g\u00f6zden ge\u00e7irilmesi yer alabilir. Don\u00f6r Yumurta veya Sperm D\u00fc\u015f\u00fcn\u00fclmesi: Yumurta kalitesi veya sperm fakt\u00f6rleri ba\u015far\u0131s\u0131zl\u0131\u011fa katk\u0131da bulunduysa, don\u00f6r yumurta veya sperm kullanmay\u0131 d\u00fc\u015f\u00fcnebilirsiniz. Bu, sonraki IVF Tedavi d\u00f6ng\u00fclerinde ba\u015far\u0131 \u015fans\u0131n\u0131 art\u0131rabilir. Tekrarlanan IVF Tedavi D\u00f6ng\u00fcs\u00fc: Bir\u00e7ok \u00e7ift, bir veya daha fazla IVF Tedavisi denemesinden sonra ba\u015far\u0131l\u0131 gebelikler ya\u015far. Ba\u015far\u0131l\u0131 bir sonu\u00e7 \u015fans\u0131n\u0131 art\u0131rmak i\u00e7in ikinci veya \u00fc\u00e7\u00fcnc\u00fc bir IVF Tedavi d\u00f6ng\u00fcs\u00fc \u00f6nerilebilir. Duygusal Destek ve Dan\u0131\u015fmanl\u0131k: T\u00fcp Bebek Tedavisi ba\u015far\u0131s\u0131zl\u0131\u011f\u0131 duygusal olarak zorlu bir s\u00fcre\u00e7 olabilir, bu nedenle destek almak \u00f6nemlidir. Klini\u011fimiz, bu zor d\u00f6nemde size yard\u0131mc\u0131 olmak ve sonraki ad\u0131mlar\u0131n\u0131z hakk\u0131nda bilin\u00e7li kararlar alman\u0131z\u0131 sa\u011flamak i\u00e7in duygusal dan\u0131\u015fmanl\u0131k ve destek hizmetleri sunmaktad\u0131r. Her birey ve durum benzersizdir ve Gynolife IVF ekibi size en uygun se\u00e7enekler konusunda rehberlik edecek ve ilerlemek i\u00e7in net bir plana sahip olman\u0131z\u0131 sa\u011flayacakt\u0131r.<\/p>\r\n\t\t\t\t\t\t\t\t\t\t\t<\/div>\r\n\t\t\t\t\t\t\t\t\t\t<\/div>\r\n\t\t\t\t\t\t\t\t\t\t\t\t\t\t\t\t\t\t\r\n\t\t\t\t\t\t\t\t\t<\/div>\r\n\t\t\t\t\t\t\t\t\t\t\t\t\t\t\t\t\t<div class=\"accordion-item wow fadeInUp\" data-wow-delay=\"0.5s\" data-wow-duration=\"0.8s\">\r\n\t\t\t\t\t\t\t\t\t\t\t\t\t\t\t\t\t\t\t<h2 class=\"accordion-header\">\r\n\t\t\t\t\t\t\t\t\t\t\t<button class=\"accordion-button collapsed\" type=\"button\" data-bs-toggle=\"collapse\" data-bs-target=\"#collapseOne6\" aria-expanded=\"true\" aria-controls=\"collapseOne6\">\r\n\t\t\t\t\t\t\t\t\t\t\t\tT\u00fcp Bebek Tedavisi \u0130\u00e7in Ya\u015f S\u0131n\u0131r\u0131 Var m\u0131?\t\t\t\t\t\t\t\t\t\t\t<\/button>\r\n\t\t\t\t\t\t\t\t\t\t<\/h2>\r\n\t\t\t\t\t\t\t\t\t\t\t\t\t\t\t\t\t\t\t<div id=\"collapseOne6\" class=\"accordion-collapse collapse\" data-bs-parent=\"#accordionExample\">\r\n\t\t\t\t\t\t\t\t\t\t\t<div class=\"accordion-body\">\r\n\t\t\t\t\t\t\t\t\t\t\t\t<p>T\u00fcp Bebek Tedavisi i\u00e7in kesin bir ya\u015f s\u0131n\u0131r\u0131 olmamakla birlikte, T\u00fcp Bebek Tedavisi ba\u015far\u0131 oranlar\u0131 kad\u0131n\u0131n ya\u015f\u0131na ba\u011fl\u0131 olarak de\u011fi\u015fmektedir. \u0130\u015fte ya\u015f ve T\u00fcp Bebek Tedavisi ile ilgili baz\u0131 \u00f6nemli hususlar: \u0130deal Ya\u015f Aral\u0131\u011f\u0131: T\u00fcp Bebek Tedavisi genellikle 35 ya\u015f\u0131n alt\u0131ndaki kad\u0131nlar i\u00e7in en ba\u015far\u0131l\u0131d\u0131r \u00e7\u00fcnk\u00fc do\u011furganl\u0131k ya\u015fla birlikte azal\u0131r. Bu ya\u015f grubundaki kad\u0131nlar, yumurta toplama ve embriyo geli\u015fimi a\u00e7\u0131s\u0131ndan daha kaliteli yumurtalara sahiptir ve bu da daha iyi sonu\u00e7lara yol a\u00e7ar. 35-40 ya\u015f aras\u0131: 35-40 ya\u015f aras\u0131ndaki kad\u0131nlar hala IVF Tedavisi alabilirler, ancak ba\u015far\u0131 oranlar\u0131 d\u00fc\u015fmeye ba\u015flar. Ba\u015far\u0131l\u0131 d\u00f6llenme ve embriyo implantasyonu \u015fans\u0131 azal\u0131r ve ya\u015f ilerledik\u00e7e d\u00fc\u015f\u00fck yapma riski artar. 40 ya\u015f \u00fcst\u00fc: T\u00fcp Bebek Tedavisi 40 ya\u015f \u00fcst\u00fc kad\u0131nlar i\u00e7in hala bir se\u00e7enek olabilir, ancak azalan yumurta kalitesi gibi fakt\u00f6rler nedeniyle ba\u015far\u0131 oranlar\u0131 daha d\u00fc\u015f\u00fckt\u00fcr. Bu ya\u015f grubundaki kad\u0131nlar i\u00e7in ba\u015far\u0131 \u015fans\u0131n\u0131 art\u0131rmak amac\u0131yla yumurta ba\u011f\u0131\u015f\u0131 d\u00fc\u015f\u00fcn\u00fclebilir. Bununla birlikte, 40'l\u0131 ya\u015flar\u0131ndaki bir\u00e7ok kad\u0131n, \u00f6zellikle don\u00f6r yumurtalar\u0131 veya dondurulmu\u015f embriyolar kullanarak IVF Tedavisi yoluyla ba\u015far\u0131l\u0131 bir \u015fekilde gebe kalmaktad\u0131r. Yumurta Kalitesi ve Ya\u015f: Kad\u0131nlar ya\u015fland\u0131k\u00e7a do\u011furganl\u0131\u011f\u0131n azalmas\u0131n\u0131n ana nedeni, yumurta kalitesinin ve miktar\u0131n\u0131n azalmas\u0131d\u0131r. Bu nedenle ya\u015f \u00f6nemli bir fakt\u00f6rd\u00fcr. Ya\u015fl\u0131 kad\u0131nlar\u0131n ba\u015far\u0131 \u015fanslar\u0131n\u0131 art\u0131rmak i\u00e7in genetik test (PGT) veya yumurta ba\u011f\u0131\u015f\u0131 gibi ek m\u00fcdahalelere ihtiya\u00e7lar\u0131 olabilir. Erkek Ya\u015f\u0131 Dikkate Al\u0131nmal\u0131d\u0131r: Ya\u015f kad\u0131nlar i\u00e7in daha \u00f6nemli olsa da, erkeklerin do\u011furganl\u0131\u011f\u0131 da ya\u015ftan etkilenebilir, ancak bu etki daha az belirgindir. 40 ya\u015f\u0131n \u00fczerindeki erkekler sperm kalitesinde bir d\u00fc\u015f\u00fc\u015f ya\u015fayabilir, ancak IVF Tedavisi ile sperm al\u0131m\u0131 (ICSI) hala ge\u00e7erli bir se\u00e7enek olabilir. Gynolife IVF'de, ya\u015f\u0131n ebeveynlik hayallerinizin \u00f6n\u00fcnde durmamas\u0131 gerekti\u011fine inan\u0131yoruz. Ekibimiz her vakay\u0131 ayr\u0131 ayr\u0131 de\u011ferlendirmekte ve en uygun tedavi se\u00e7eneklerini \u00f6nermektedir.<\/p>\r\n\t\t\t\t\t\t\t\t\t\t\t<\/div>\r\n\t\t\t\t\t\t\t\t\t\t<\/div>\r\n\t\t\t\t\t\t\t\t\t\t\t\t\t\t\t\t\t\t\r\n\t\t\t\t\t\t\t\t\t<\/div>\r\n\t\t\t\t\t\t\t\t\t\t\t\t\t\t\t\t\t<div class=\"accordion-item wow fadeInUp\" data-wow-delay=\"0.5s\" data-wow-duration=\"0.8s\">\r\n\t\t\t\t\t\t\t\t\t\t\t\t\t\t\t\t\t\t\t<h2 class=\"accordion-header\">\r\n\t\t\t\t\t\t\t\t\t\t\t<button class=\"accordion-button collapsed\" type=\"button\" data-bs-toggle=\"collapse\" data-bs-target=\"#collapseOne7\" aria-expanded=\"true\" aria-controls=\"collapseOne7\">\r\n\t\t\t\t\t\t\t\t\t\t\t\tT\u00fcp Bebek Tedavisinin Ba\u015far\u0131 Oran\u0131 Nedir?\t\t\t\t\t\t\t\t\t\t\t<\/button>\r\n\t\t\t\t\t\t\t\t\t\t<\/h2>\r\n\t\t\t\t\t\t\t\t\t\t\t\t\t\t\t\t\t\t\t<div id=\"collapseOne7\" class=\"accordion-collapse collapse\" data-bs-parent=\"#accordionExample\">\r\n\t\t\t\t\t\t\t\t\t\t\t<div class=\"accordion-body\">\r\n\t\t\t\t\t\t\t\t\t\t\t\t<p>T\u00fcp Bebek Tedavisi ba\u015far\u0131 oran\u0131 bir\u00e7ok fakt\u00f6re ba\u011fl\u0131 olarak de\u011fi\u015febilir. Bununla birlikte, genel olarak, T\u00fcp Bebek Tedavisi ba\u015far\u0131 oranlar\u0131 yakla\u015f\u0131k 80% ile 85% aras\u0131nda de\u011fi\u015fmektedir ve bu oran bireysel ko\u015fullara g\u00f6re farkl\u0131l\u0131k g\u00f6sterebilir. \u0130\u015fte dikkate al\u0131nmas\u0131 gereken baz\u0131 \u00f6nemli noktalar: Ya\u015f Fakt\u00f6r\u00fc: T\u00fcp Bebek Tedavisi ba\u015far\u0131 oranlar\u0131n\u0131 etkileyen en \u00f6nemli fakt\u00f6rlerden biri kad\u0131n\u0131n ya\u015f\u0131d\u0131r. 35 ya\u015f\u0131n alt\u0131ndaki kad\u0131nlar genellikle en y\u00fcksek ba\u015far\u0131 oranlar\u0131na sahiptir ve baz\u0131 klinikler bu ya\u015f grubu i\u00e7in 85%'ye kadar y\u00fcksek ba\u015far\u0131 oranlar\u0131 bildirmektedir. Ya\u015f artt\u0131k\u00e7a, \u00f6zellikle 40 ya\u015f\u0131ndan sonra, azalan yumurta kalitesi ve miktar\u0131 gibi nedenlerden dolay\u0131 ba\u015far\u0131 oranlar\u0131 d\u00fc\u015fmektedir. Yumurta Kalitesi ve Miktar\u0131: Yumurta kalitesi ve miktar\u0131 ba\u015far\u0131l\u0131 bir IVF Tedavisi sonucu i\u00e7in \u00e7ok \u00f6nemlidir. Gen\u00e7 kad\u0131nlar genellikle daha kaliteli yumurtalara sahiptir, bu da d\u00f6llenme ve embriyo implantasyonu \u015fans\u0131n\u0131 art\u0131r\u0131r. Embriyo Kalitesi: Embriyo kalitesi IVF Tedavisinin ba\u015far\u0131s\u0131nda \u00f6nemli bir rol oynar. Y\u00fcksek kaliteli embriyolar\u0131n rahme implante olma ve sa\u011fl\u0131kl\u0131 bir gebeli\u011fe d\u00f6n\u00fc\u015fme olas\u0131l\u0131\u011f\u0131 daha y\u00fcksektir. PGT (Preimplantasyon Genetik Test) gibi teknikler, embriyo sa\u011fl\u0131\u011f\u0131n\u0131 de\u011ferlendirerek ve transfer i\u00e7in en uygun embriyolar\u0131 se\u00e7erek ba\u015far\u0131 oranlar\u0131n\u0131 art\u0131rabilir. Altta Yatan Sa\u011fl\u0131k Ko\u015fullar\u0131: Polikistik over sendromu (PCOS), endometriozis veya erkek infertilitesi gibi sa\u011fl\u0131k sorunlar\u0131 IVF Tedavisi ba\u015far\u0131 oranlar\u0131n\u0131 etkileyebilir. Gynolife IVF'de, altta yatan t\u00fcm sa\u011fl\u0131k ko\u015fullar\u0131n\u0131 de\u011ferlendiriyor ve ba\u015far\u0131 \u015fans\u0131n\u0131z\u0131 optimize etmek i\u00e7in tedavi planlar\u0131 sunuyoruz. T\u00fcp Bebek Tedavisi Prosed\u00fcr\u00fcndeki Geli\u015fmeler: ICSI (\u0130ntrasitoplazmik Sperm Enjeksiyonu), yumurta dondurma ve embriyo dondurma gibi teknikler de dahil olmak \u00fczere IVF Tedavisi teknolojisindeki geli\u015fmeler, ba\u015far\u0131 oranlar\u0131n\u0131 \u00f6nemli \u00f6l\u00e7\u00fcde art\u0131rm\u0131\u015ft\u0131r. Bu yenilikler hastalar\u0131m\u0131z i\u00e7in m\u00fcmk\u00fcn olan en iyi sonu\u00e7lar\u0131 sunmam\u0131za yard\u0131mc\u0131 olmaktad\u0131r. Gynolife IVF'de, size en \u00fcst d\u00fczeyde bak\u0131m sa\u011flamaya ve ba\u015far\u0131 \u015fans\u0131n\u0131z\u0131 en \u00fcst d\u00fczeye \u00e7\u0131karmak i\u00e7in en son teknolojileri kullanmaya kararl\u0131y\u0131z.<\/p>\r\n\t\t\t\t\t\t\t\t\t\t\t<\/div>\r\n\t\t\t\t\t\t\t\t\t\t<\/div>\r\n\t\t\t\t\t\t\t\t\t\t\t\t\t\t\t\t\t\t\r\n\t\t\t\t\t\t\t\t\t<\/div>\r\n\t\t\t\t\t\t\t\t\t\r\n\t\t\t\t\t\t<\/div>\r\n\t\t\t\t\t<\/div>\r\n\t\t\t\t<\/div>\r\n\t\t\t\t<div class=\"col-xxl-5 col-xl-6 col-lg-7 m-b30\">\r\n\t\t\t\t\t<div class=\"content-media\" data-bottom-top=\"transform: translateY(50px)\" data-top-bottom=\"transform: translateY(-50px)\">\r\n\t\t\t\t\t\t\t\t\t\t\t\t<div class=\"dz-media\">\r\n\t\t\t\t\t\t\t<img decoding=\"async\" src=\"http:\/\/gynolifeivf.com\/wp-content\/uploads\/2025\/04\/gynolife-team.jpg\" alt=\"Resim\">\r\n\t\t\t\t\t\t<\/div>\r\n\t\t\t\t\t\t\t\t\t\t\t\t<div class=\"item1\">\r\n\t\t\t\t\t\t\t\t\t\t\t\t\t\t\t<div class=\"info-widget style-5\">\r\n\t\t\t\t\t\t\t\t\t\t\t\t\t\t\t\t\t<div class=\"widget-media\">\r\n\t\t\t\t\t\t\t\t\t\t<img decoding=\"async\" src=\"http:\/\/gynolifeivf.com\/wp-content\/uploads\/2025\/04\/whatsapp-gynolife-fertility.webp\" alt=\"Simge G\u00f6r\u00fcnt\u00fcs\u00fc\" \/>\r\n\t\t\t\t\t\t\t\t\t<\/div>\r\n\t\t\t\t\t\t\t\t\t\t\t\t\t\t\t\t\r\n\t\t\t\t\t\t\t\t\t<div class=\"widget-content\">\r\n\t\t\t\t\t\t\t\t\t\t\t\t\t\t\t\t\t\t\t<\/div>\r\n\t\t\t\t\t\t\t\t<\/div>\r\n\t\t\t\t\t\t\t\t\t\t\t\t\t\t\r\n\t\t\t\t\t\t\t\r\n\t\t\t\t\t\t\t\t\t\t\t\t\t\t\t<a href=\"\/tr\/bize-ulasin\/\"  class=\"btn btn-primary btn-rounded btn-hover2 btn-shadow\">\r\n\t\t\t\t\t\t\t\t\t\u0130leti\u015fim\t\t\t\t\t\t\t\t\t<span class=\"right-icon\"><i class=\"feather icon-arrow-right\"><\/i><\/span>\r\n\t\t\t\t\t\t\t\t<\/a>\r\n\t\t\t\t\t\t\t\t\t\t\t\t\t<\/div>\r\n\t\t\t\t\t<\/div>\r\n\t\t\t\t<\/div>\r\n\t\t\t<\/div>\r\n\t\t<\/div>\r\n\t<\/section>\r\n\t\t\t\t<\/div>\n\t\t\t\t<\/div>\n\t\t\t\t<\/div>\n\t\t\t\t<\/div>","protected":false},"excerpt":{"rendered":"<p>S\u0131k\u00e7a Sorulan Sorular T\u00fcp Bebek Sorular\u0131 T\u00fcp Bebek Hakk\u0131nda En \u00c7ok Sorulan Sorulara A\u00e7\u0131k ve Net Cevaplar \u0130\u015flem Nas\u0131l \u0130\u015fler? Kimler \u0130\u00e7in Uygundur? Ba\u015far\u0131 Oranlar\u0131 Nedir? Bu Yolculukta Sizi Neler Bekliyor? Ebeveynli\u011fe Giden Yol Anlamakla Ba\u015flar. KKTC'de Olmak T\u00fcp Bebek Tedavisi \u0130\u00e7in Bir Sorun Mu? <\/p>","protected":false},"author":1,"featured_media":0,"parent":0,"menu_order":0,"comment_status":"closed","ping_status":"closed","template":"clinicmaster_template.php","meta":{"footnotes":""},"class_list":["post-167","page","type-page","status-publish","hentry"],"aioseo_notices":[],"_links":{"self":[{"href":"https:\/\/gynolifeivf.com\/tr\/wp-json\/wp\/v2\/pages\/167","targetHints":{"allow":["GET"]}}],"collection":[{"href":"https:\/\/gynolifeivf.com\/tr\/wp-json\/wp\/v2\/pages"}],"about":[{"href":"https:\/\/gynolifeivf.com\/tr\/wp-json\/wp\/v2\/types\/page"}],"author":[{"embeddable":true,"href":"https:\/\/gynolifeivf.com\/tr\/wp-json\/wp\/v2\/users\/1"}],"replies":[{"embeddable":true,"href":"https:\/\/gynolifeivf.com\/tr\/wp-json\/wp\/v2\/comments?post=167"}],"version-history":[{"count":0,"href":"https:\/\/gynolifeivf.com\/tr\/wp-json\/wp\/v2\/pages\/167\/revisions"}],"wp:attachment":[{"href":"https:\/\/gynolifeivf.com\/tr\/wp-json\/wp\/v2\/media?parent=167"}],"curies":[{"name":"wp","href":"https:\/\/api.w.org\/{rel}","templated":true}]}}