{"id":167,"date":"2024-08-26T07:08:53","date_gmt":"2024-08-26T07:08:53","guid":{"rendered":"http:\/\/clinicmaster.wprdx.com\/medical\/?page_id=167"},"modified":"2025-06-17T09:45:21","modified_gmt":"2025-06-17T09:45:21","slug":"ivf-behandlung-haufig-gestellte-fragen","status":"publish","type":"page","link":"https:\/\/gynolifeivf.com\/de\/ivf-behandlung-haufig-gestellte-fragen\/","title":{"rendered":"IVF-Behandlung \u2013 H\u00e4ufig gestellte Fragen"},"content":{"rendered":"<div data-elementor-type=\"wp-page\" data-elementor-id=\"167\" class=\"elementor elementor-167\">\n\t\t\t\t<div class=\"elementor-element elementor-element-26659be e-con-full e-flex e-con e-parent\" data-id=\"26659be\" data-element_type=\"container\" data-e-type=\"container\">\n\t\t\t\t<div class=\"elementor-element elementor-element-529fce9 elementor-widget elementor-widget-dz-faq-listing-1\" data-id=\"529fce9\" data-element_type=\"widget\" data-e-type=\"widget\" data-widget_type=\"dz-faq-listing-1.default\">\n\t\t\t\t<div class=\"elementor-widget-container\">\n\t\t\t\t\t\t\r\n\t<section class=\"content-inner\"  style=\"background-image: url(http:\/\/gynolifeivf.com\/wp-content\/uploads\/2024\/08\/bg3.png);     background-position: right bottom; background-repeat: no-repeat;\">\r\n\t\t<div class=\"container\">\r\n\t\t\t<div class=\"row content-wrapper style-5\">\r\n\t\t\t\t<div class=\"col-xxl-7 col-xl-6 col-lg-5 m-b30 align-self-center\">\r\n\t\t\t\t\t<div class=\"content-info\">\r\n\t\t\t\t\t\t\t\t\t\t\t\t<div class=\"section-head style-1 m-b30\">\r\n\t\t\t\t\t\t\t\t\t\t\t\t\t\t\t<span class=\"sub-title text-primary sub-title-icon\">\r\n\t\t\t\t\t\t\t\t\t\t\t\t\t\t\t\t\t\t\t<img decoding=\"async\" src=\"http:\/\/gynolifeivf.com\/wp-content\/uploads\/2025\/04\/cropped-simge.png\" alt=\"Icom Bild\"\/>\r\n\t\t\t\t\t\t\t\t\t\t\t\t\t\t\t\t\t\tFaq's\t\t\t\t\t\t\t\t<\/span>\r\n\t\t\t\t\t\t\t\t\t\t\t\t\t\t\t\t\t\t\t\t\t\t\t<h2 class=\"title\">H\u00e4ufig gestellte Fragen<\/h2>\r\n\t\t\t\t\t\t\t\t\t\t\t\t\t\t\t<p>Hier finden Sie klare Antworten auf die h\u00e4ufigsten Fragen zum Thema IVF - von der Funktionsweise des Verfahrens und der Frage, f\u00fcr wen es geeignet ist, bis hin zu den Erfolgsquoten und dem, was Sie auf dem Weg dorthin erwarten k\u00f6nnen. Ihre Reise zur Elternschaft beginnt mit Verst\u00e4ndnis.\n\n<\/p>\r\n\t\t\t\t\t\t\t\t\t\t\t\t\t<\/div>\r\n\t\t\t\t\t\t\t\t\t\t\t\t<div class=\"accordion dz-accordion style-1\" id=\"accordionExample\">\r\n\t\t\t\t\t\t\t\t\t\t\t\t\t\t\t\t<div class=\"accordion-item wow fadeInUp\" data-wow-delay=\"0.5s\" data-wow-duration=\"0.8s\">\r\n\t\t\t\t\t\t\t\t\t\t\t\t\t\t\t\t\t\t\t<h2 class=\"accordion-header\">\r\n\t\t\t\t\t\t\t\t\t\t\t<button class=\"accordion-button\" type=\"button\" data-bs-toggle=\"collapse\" data-bs-target=\"#collapseOne1\" aria-expanded=\"true\" aria-controls=\"collapseOne1\">\r\n\t\t\t\t\t\t\t\t\t\t\t\tIst ein Aufenthalt in Nordzypern ein Problem f\u00fcr eine IVF-Behandlung?\t\t\t\t\t\t\t\t\t\t\t<\/button>\r\n\t\t\t\t\t\t\t\t\t\t<\/h2>\r\n\t\t\t\t\t\t\t\t\t\t\t\t\t\t\t\t\t\t\t<div id=\"collapseOne1\" class=\"accordion-collapse collapse  show\" data-bs-parent=\"#accordionExample\">\r\n\t\t\t\t\t\t\t\t\t\t\t<div class=\"accordion-body\">\r\n\t\t\t\t\t\t\t\t\t\t\t\t<p>Nein, die Anwesenheit in Nordzypern ist kein Problem f\u00fcr eine IVF-Behandlung. Im Gegenteil, Zypern hat sich mit seinen fortschrittlichen medizinischen Einrichtungen, hohen Erfolgsraten und erfahrenen Spezialisten zu einem f\u00fchrenden Reiseziel f\u00fcr Fruchtbarkeitsbehandlungen entwickelt. Sie k\u00f6nnen unsere Klinik leicht erreichen, da Direktfl\u00fcge aus verschiedenen L\u00e4ndern auf die Insel verf\u00fcgbar sind. Wenn Sie von der griechischen Seite kommen, k\u00f6nnen Sie problemlos die Grenze \u00fcberqueren und zu unserer Klinik reisen. Wenn Sie aus der T\u00fcrkei anreisen, k\u00f6nnen Sie einen Direktflug nach Nordzypern nehmen oder Umsteigeverbindungen nutzen. F\u00fcr Ihren Komfort bieten wir auch Transportdienste an, damit Sie die Klinik bequem erreichen k\u00f6nnen. Unsere Direkt-Taxis holen Sie vom Flughafen oder anderen Ankunftsorten ab und sorgen f\u00fcr ein reibungsloses, unkompliziertes Erlebnis.<\/p>\r\n\t\t\t\t\t\t\t\t\t\t\t<\/div>\r\n\t\t\t\t\t\t\t\t\t\t<\/div>\r\n\t\t\t\t\t\t\t\t\t\t\t\t\t\t\t\t\t\t\r\n\t\t\t\t\t\t\t\t\t<\/div>\r\n\t\t\t\t\t\t\t\t\t\t\t\t\t\t\t\t\t<div class=\"accordion-item wow fadeInUp\" data-wow-delay=\"0.5s\" data-wow-duration=\"0.8s\">\r\n\t\t\t\t\t\t\t\t\t\t\t\t\t\t\t\t\t\t\t<h2 class=\"accordion-header\">\r\n\t\t\t\t\t\t\t\t\t\t\t<button class=\"accordion-button collapsed\" type=\"button\" data-bs-toggle=\"collapse\" data-bs-target=\"#collapseOne2\" aria-expanded=\"true\" aria-controls=\"collapseOne2\">\r\n\t\t\t\t\t\t\t\t\t\t\t\tWie viele Tage werde ich f\u00fcr die IVF-Behandlung auf Zypern bleiben?\t\t\t\t\t\t\t\t\t\t\t<\/button>\r\n\t\t\t\t\t\t\t\t\t\t<\/h2>\r\n\t\t\t\t\t\t\t\t\t\t\t\t\t\t\t\t\t\t\t<div id=\"collapseOne2\" class=\"accordion-collapse collapse\" data-bs-parent=\"#accordionExample\">\r\n\t\t\t\t\t\t\t\t\t\t\t<div class=\"accordion-body\">\r\n\t\t\t\t\t\t\t\t\t\t\t\t<p>Die Dauer Ihres Aufenthalts in Zypern f\u00fcr eine IVF-Behandlung h\u00e4ngt von den spezifischen Phasen Ihrer Behandlung und Ihren individuellen Bed\u00fcrfnissen ab. Im Allgemeinen k\u00f6nnen Sie f\u00fcr einen Standard-IVF-Behandlungszyklus mit einem Aufenthalt von 7 bis 10 Tagen rechnen. Hier ist ein typischer Zeitplan: Tag 1: Ankunft und Erstberatung. Tage 2-5: Eierstockstimulation und \u00dcberwachung (falls erforderlich). Tage 6-7: Eizellentnahme und Embryotransfer. Tag 10: Schwangerschaftstest und Nachuntersuchung. Wenn Sie zus\u00e4tzliche Verfahren wie Eizell- oder Samenspende ben\u00f6tigen oder wenn genetische Screening-Tests durchgef\u00fchrt werden, kann Ihr Aufenthalt etwas l\u00e4nger dauern. Ihr IVF-Behandlungs-Koordinator wird Ihnen einen detaillierten Zeitplan auf der Grundlage Ihres Behandlungsplans zur Verf\u00fcgung stellen.<\/p>\r\n\t\t\t\t\t\t\t\t\t\t\t<\/div>\r\n\t\t\t\t\t\t\t\t\t\t<\/div>\r\n\t\t\t\t\t\t\t\t\t\t\t\t\t\t\t\t\t\t\r\n\t\t\t\t\t\t\t\t\t<\/div>\r\n\t\t\t\t\t\t\t\t\t\t\t\t\t\t\t\t\t<div class=\"accordion-item wow fadeInUp\" data-wow-delay=\"0.5s\" data-wow-duration=\"0.8s\">\r\n\t\t\t\t\t\t\t\t\t\t\t\t\t\t\t\t\t\t\t<h2 class=\"accordion-header\">\r\n\t\t\t\t\t\t\t\t\t\t\t<button class=\"accordion-button collapsed\" type=\"button\" data-bs-toggle=\"collapse\" data-bs-target=\"#collapseOne3\" aria-expanded=\"true\" aria-controls=\"collapseOne3\">\r\n\t\t\t\t\t\t\t\t\t\t\t\tWas sollte ich zur IVF-Behandlung mitnehmen?\t\t\t\t\t\t\t\t\t\t\t<\/button>\r\n\t\t\t\t\t\t\t\t\t\t<\/h2>\r\n\t\t\t\t\t\t\t\t\t\t\t\t\t\t\t\t\t\t\t<div id=\"collapseOne3\" class=\"accordion-collapse collapse\" data-bs-parent=\"#accordionExample\">\r\n\t\t\t\t\t\t\t\t\t\t\t<div class=\"accordion-body\">\r\n\t\t\t\t\t\t\t\t\t\t\t\t<p>Wenn Sie f\u00fcr eine IVF-Behandlung nach Zypern kommen, ist es wichtig, dass Sie sich gut vorbereiten. Hier finden Sie eine Liste der wichtigsten Dinge, die Sie mitbringen sollten: G\u00fcltiger Reisepass und Reisedokumente: Vergewissern Sie sich, dass alle Ihre Reisedokumente, einschlie\u00dflich der f\u00fcr die Reise erforderlichen P\u00e4sse und Visa, vollst\u00e4ndig sind. Medizinische Unterlagen und Berichte: Denken Sie daran, Ihre fr\u00fcheren Fruchtbarkeitstests, Bluttests, Ultraschallberichte und Aufzeichnungen \u00fcber fr\u00fchere IVF-Behandlungen mitzubringen, damit Ihre Krankengeschichte \u00fcberpr\u00fcft werden kann. Verschreibungspflichtige Medikamente: Bringen Sie alle verschreibungspflichtigen Medikamente mit, die Sie derzeit einnehmen. Es ist auch hilfreich, eine Liste mit Ihren derzeitigen Behandlungen und Dosierungen vorzubereiten. Bequeme Kleidung: Bringen Sie bequeme Kleidung f\u00fcr die Dauer Ihres Aufenthaltes mit. M\u00f6glicherweise m\u00fcssen Sie bei medizinischen Eingriffen spezielle Kleidung tragen. W\u00e4hlen Sie daher bequeme, locker sitzende Kleidung f\u00fcr Konsultationen und Behandlungen. Pers\u00f6nliche Identifikation: Bringen Sie eine Kopie Ihres Personalausweises und alle anderen Ausweispapiere mit, die Sie w\u00e4hrend der Behandlung ben\u00f6tigen. Informationen zur Reiseversicherung und zum Krankenversicherungsschutz: Wenn Sie eine Reise- oder Krankenversicherung haben, denken Sie daran, die entsprechenden Dokumente f\u00fcr Notf\u00e4lle mitzubringen. Kosmetika und Toilettenartikel: Nehmen Sie Ihre \u00fcblichen K\u00f6rperpflegeprodukte mit (Zahnb\u00fcrste, Zahnpasta, Hautpflegeprodukte usw.). Es ist hilfreich, Dinge mitzubringen, mit denen Sie sich w\u00e4hrend Ihrer Abwesenheit von zu Hause wohl f\u00fchlen. Komfortartikel: Sie k\u00f6nnen sich \u00fcberlegen, ob Sie Gegenst\u00e4nde wie B\u00fccher, Musik oder pers\u00f6nliche Gegenst\u00e4nde mitbringen, die Ihren Aufenthalt angenehmer machen. Bargeld oder Kreditkarten: Nehmen Sie die Landesw\u00e4hrung (T\u00fcrkische Lira oder Euro) oder Kreditkarten mit. M\u00f6glicherweise m\u00fcssen Sie f\u00fcr medizinische Behandlungen und zus\u00e4tzliche Dienstleistungen bezahlen. Sonstige Sonderw\u00fcnsche: Wenn Sie besondere Ern\u00e4hrungsbed\u00fcrfnisse haben oder bestimmte Artikel ben\u00f6tigen, bringen Sie diese bitte mit oder informieren Sie unser Team im Voraus, damit wir Ihnen helfen k\u00f6nnen.<\/p>\r\n\t\t\t\t\t\t\t\t\t\t\t<\/div>\r\n\t\t\t\t\t\t\t\t\t\t<\/div>\r\n\t\t\t\t\t\t\t\t\t\t\t\t\t\t\t\t\t\t\r\n\t\t\t\t\t\t\t\t\t<\/div>\r\n\t\t\t\t\t\t\t\t\t\t\t\t\t\t\t\t\t<div class=\"accordion-item wow fadeInUp\" data-wow-delay=\"0.5s\" data-wow-duration=\"0.8s\">\r\n\t\t\t\t\t\t\t\t\t\t\t\t\t\t\t\t\t\t\t<h2 class=\"accordion-header\">\r\n\t\t\t\t\t\t\t\t\t\t\t<button class=\"accordion-button collapsed\" type=\"button\" data-bs-toggle=\"collapse\" data-bs-target=\"#collapseOne4\" aria-expanded=\"true\" aria-controls=\"collapseOne4\">\r\n\t\t\t\t\t\t\t\t\t\t\t\tWerde ich einen eigenen Koordinator in Zypern haben, der f\u00fcr die st\u00e4ndige Kommunikation zust\u00e4ndig ist?\t\t\t\t\t\t\t\t\t\t\t<\/button>\r\n\t\t\t\t\t\t\t\t\t\t<\/h2>\r\n\t\t\t\t\t\t\t\t\t\t\t\t\t\t\t\t\t\t\t<div id=\"collapseOne4\" class=\"accordion-collapse collapse\" data-bs-parent=\"#accordionExample\">\r\n\t\t\t\t\t\t\t\t\t\t\t<div class=\"accordion-body\">\r\n\t\t\t\t\t\t\t\t\t\t\t\t<p>Ja, bei Gynolife IVF wird Ihnen w\u00e4hrend des gesamten Behandlungsprozesses ein eigener VIP-IVF-Behandlungskoordinator zugewiesen. Von Ihrer Ankunft in Zypern bis zum Abschluss Ihrer Behandlung steht Ihr Koordinator in st\u00e4ndiger Kommunikation mit Ihnen und ist bei jedem Schritt an Ihrer Seite. Ihr Koordinator wird Ihnen in jeder Phase der IVF-Behandlung zur Seite stehen, und diese Unterst\u00fctzung kann Folgendes umfassen Organisation des Transports zur Klinik und zum Flughafen: Organisation Ihres Transports zwischen der Klinik und dem Flughafen. Detaillierte Informationen \u00fcber Ihren Behandlungsplan: Wir informieren Sie dar\u00fcber, was Sie in jeder Phase Ihrer Behandlung zu erwarten haben. Antworten auf Ihre medizinischen oder logistischen Fragen: Beantwortet alle Ihre Fragen w\u00e4hrend Ihres Aufenthalts. Pers\u00f6nliche Betreuung: Unterst\u00fctzung in der von Ihnen bevorzugten Sprache, damit Sie sich stets wohl und gut informiert f\u00fchlen. Emotionale Unterst\u00fctzung: Sorgt daf\u00fcr, dass Sie sich w\u00e4hrend des gesamten Prozesses sicher und umsorgt f\u00fchlen. Sie k\u00f6nnen Ihren Koordinator ganz einfach per Telefon, E-Mail oder Messaging kontaktieren, und er ist rund um die Uhr f\u00fcr Sie da. So wird sichergestellt, dass Sie all die Unterst\u00fctzung erhalten, die Sie f\u00fcr eine reibungslose und stressfreie Erfahrung ben\u00f6tigen.<\/p>\r\n\t\t\t\t\t\t\t\t\t\t\t<\/div>\r\n\t\t\t\t\t\t\t\t\t\t<\/div>\r\n\t\t\t\t\t\t\t\t\t\t\t\t\t\t\t\t\t\t\r\n\t\t\t\t\t\t\t\t\t<\/div>\r\n\t\t\t\t\t\t\t\t\t\t\t\t\t\t\t\t\t<div class=\"accordion-item wow fadeInUp\" data-wow-delay=\"0.5s\" data-wow-duration=\"0.8s\">\r\n\t\t\t\t\t\t\t\t\t\t\t\t\t\t\t\t\t\t\t<h2 class=\"accordion-header\">\r\n\t\t\t\t\t\t\t\t\t\t\t<button class=\"accordion-button collapsed\" type=\"button\" data-bs-toggle=\"collapse\" data-bs-target=\"#collapseOne5\" aria-expanded=\"true\" aria-controls=\"collapseOne5\">\r\n\t\t\t\t\t\t\t\t\t\t\t\tWas passiert, wenn eine IVF-Behandlung nicht erfolgreich ist?\t\t\t\t\t\t\t\t\t\t\t<\/button>\r\n\t\t\t\t\t\t\t\t\t\t<\/h2>\r\n\t\t\t\t\t\t\t\t\t\t\t\t\t\t\t\t\t\t\t<div id=\"collapseOne5\" class=\"accordion-collapse collapse\" data-bs-parent=\"#accordionExample\">\r\n\t\t\t\t\t\t\t\t\t\t\t<div class=\"accordion-body\">\r\n\t\t\t\t\t\t\t\t\t\t\t\t<p>Eine IVF-Behandlung f\u00fchrt nicht immer zu einer Schwangerschaft, und das kann entt\u00e4uschend sein. Aber auch wenn Ihr IVF-Behandlungszyklus nicht erfolgreich ist, gibt es verschiedene M\u00f6glichkeiten und Schritte, die Sie unternehmen k\u00f6nnen: Beratung mit Ihrem Arzt: Wenn Ihr IVF-Behandlungszyklus erfolglos war, m\u00fcssen Sie einen Folgetermin mit Ihrem Fertilit\u00e4tsspezialisten vereinbaren. W\u00e4hrend dieser Konsultation wird Ihr Arzt Ihren Behandlungszyklus gr\u00fcndlich \u00fcberpr\u00fcfen und die m\u00f6glichen Gr\u00fcnde f\u00fcr den Misserfolg besprechen. Einfrieren von Embryonen: Wenn w\u00e4hrend des Zyklus gesunde Embryonen erzeugt und eingefroren wurden, k\u00f6nnen diese Embryonen aufgetaut und in einem nachfolgenden Zyklus mit eingefrorenem Embryotransfer (FET) \u00fcbertragen werden. Dies kann eine hervorragende Option f\u00fcr Paare sein, die \u00fcber weitere gesunde Embryonen verf\u00fcgen. Zus\u00e4tzliche Tests oder Anpassungen: In einigen F\u00e4llen k\u00f6nnen zus\u00e4tzliche Tests empfohlen werden, um die Ursache des Misserfolgs zu ermitteln. Dazu k\u00f6nnen genetische Untersuchungen, hormonelle Auswertungen oder eine \u00dcberpr\u00fcfung der Geb\u00e4rmutterumgebung geh\u00f6ren. Eizellen- oder Samenspende in Betracht ziehen: Wenn die Qualit\u00e4t der Eizellen oder der Spermien zum Misserfolg beigetragen hat, k\u00f6nnen Sie die Verwendung von Spendereiern oder -spermien in Betracht ziehen. Dies kann die Erfolgschancen bei nachfolgenden IVF-Behandlungszyklen erh\u00f6hen. Wiederholte IVF-Behandlungszyklen: Bei vielen Paaren kommt es nach einem oder mehreren IVF-Behandlungsversuchen zu erfolgreichen Schwangerschaften. Ein zweiter oder dritter IVF-Behandlungszyklus kann empfohlen werden, um die Chancen auf ein erfolgreiches Ergebnis zu erh\u00f6hen. Emotionale Unterst\u00fctzung und Beratung: Eine fehlgeschlagene IVF-Behandlung kann eine emotionale Herausforderung darstellen, weshalb es wichtig ist, Unterst\u00fctzung zu suchen. Unsere Klinik bietet emotionale Beratung und Unterst\u00fctzung an, um Ihnen durch diese schwierige Zeit zu helfen und sicherzustellen, dass Sie fundierte Entscheidungen \u00fcber Ihre n\u00e4chsten Schritte treffen. Jeder Mensch und jede Situation ist einzigartig, und das Team von Gynolife IVF wird Sie \u00fcber die am besten geeigneten Optionen beraten und sicherstellen, dass Sie einen klaren Plan f\u00fcr Ihr weiteres Vorgehen haben.<\/p>\r\n\t\t\t\t\t\t\t\t\t\t\t<\/div>\r\n\t\t\t\t\t\t\t\t\t\t<\/div>\r\n\t\t\t\t\t\t\t\t\t\t\t\t\t\t\t\t\t\t\r\n\t\t\t\t\t\t\t\t\t<\/div>\r\n\t\t\t\t\t\t\t\t\t\t\t\t\t\t\t\t\t<div class=\"accordion-item wow fadeInUp\" data-wow-delay=\"0.5s\" data-wow-duration=\"0.8s\">\r\n\t\t\t\t\t\t\t\t\t\t\t\t\t\t\t\t\t\t\t<h2 class=\"accordion-header\">\r\n\t\t\t\t\t\t\t\t\t\t\t<button class=\"accordion-button collapsed\" type=\"button\" data-bs-toggle=\"collapse\" data-bs-target=\"#collapseOne6\" aria-expanded=\"true\" aria-controls=\"collapseOne6\">\r\n\t\t\t\t\t\t\t\t\t\t\t\tGibt es eine Altersgrenze f\u00fcr eine IVF-Behandlung?\t\t\t\t\t\t\t\t\t\t\t<\/button>\r\n\t\t\t\t\t\t\t\t\t\t<\/h2>\r\n\t\t\t\t\t\t\t\t\t\t\t\t\t\t\t\t\t\t\t<div id=\"collapseOne6\" class=\"accordion-collapse collapse\" data-bs-parent=\"#accordionExample\">\r\n\t\t\t\t\t\t\t\t\t\t\t<div class=\"accordion-body\">\r\n\t\t\t\t\t\t\t\t\t\t\t\t<p>Obwohl es keine strenge Altersgrenze f\u00fcr die IVF-Behandlung gibt, variieren die Erfolgsquoten je nach Alter der Frau. Im Folgenden finden Sie einige wichtige \u00dcberlegungen zum Thema Alter und IVF-Behandlung: Idealer Altersbereich: Eine IVF-Behandlung ist im Allgemeinen bei Frauen unter 35 Jahren am erfolgreichsten, da die Fruchtbarkeit mit dem Alter abnimmt. Frauen in dieser Altersgruppe verf\u00fcgen \u00fcber qualitativ hochwertigere Eizellen, was die Eizellentnahme und die Entwicklung der Embryonen betrifft, was zu besseren Ergebnissen f\u00fchrt. Alter 35-40 Jahre: Frauen im Alter zwischen 35 und 40 Jahren k\u00f6nnen sich immer noch einer IVF-Behandlung unterziehen, aber die Erfolgsquoten beginnen zu sinken. Die Chancen auf eine erfolgreiche Befruchtung und Einnistung des Embryos nehmen ab, und das Risiko einer Fehlgeburt steigt mit zunehmendem Alter. \u00dcber 40: Eine IVF-Behandlung kann auch f\u00fcr Frauen \u00fcber 40 noch in Frage kommen, aber die Erfolgsquoten sind aufgrund von Faktoren wie der abnehmenden Eizellenqualit\u00e4t geringer. Eine Eizellspende kann in Betracht gezogen werden, um die Erfolgsaussichten f\u00fcr Frauen in dieser Altersgruppe zu erh\u00f6hen. Viele Frauen in ihren 40ern werden jedoch erfolgreich durch eine IVF-Behandlung schwanger, insbesondere mit Spendereiern oder tiefgefrorenen Embryonen. Eizellenqualit\u00e4t und Alter: Der Hauptgrund f\u00fcr die nachlassende Fruchtbarkeit von Frauen mit zunehmendem Alter ist die Abnahme der Qualit\u00e4t und Quantit\u00e4t der Eizellen. Daher ist das Alter ein wichtiger Faktor. \u00c4ltere Frauen ben\u00f6tigen m\u00f6glicherweise zus\u00e4tzliche Ma\u00dfnahmen wie Gentests (PGT) oder eine Eizellspende, um ihre Erfolgsaussichten zu erh\u00f6hen. Das m\u00e4nnliche Alter sollte ber\u00fccksichtigt werden: W\u00e4hrend das Alter bei Frauen von gr\u00f6\u00dferer Bedeutung ist, kann die Fruchtbarkeit von M\u00e4nnern ebenfalls vom Alter beeinflusst werden, auch wenn dieser Effekt weniger ausgepr\u00e4gt ist. Bei M\u00e4nnern \u00fcber 40 kann die Qualit\u00e4t der Spermien abnehmen, aber eine Spermienentnahme (ICSI) mit IVF-Behandlung kann immer noch eine praktikable Option sein. Bei Gynolife IVF sind wir der Meinung, dass das Alter Ihrem Kinderwunsch nicht im Wege stehen sollte. Unser Team pr\u00fcft jeden Fall individuell und empfiehlt die am besten geeigneten Behandlungsoptionen.<\/p>\r\n\t\t\t\t\t\t\t\t\t\t\t<\/div>\r\n\t\t\t\t\t\t\t\t\t\t<\/div>\r\n\t\t\t\t\t\t\t\t\t\t\t\t\t\t\t\t\t\t\r\n\t\t\t\t\t\t\t\t\t<\/div>\r\n\t\t\t\t\t\t\t\t\t\t\t\t\t\t\t\t\t<div class=\"accordion-item wow fadeInUp\" data-wow-delay=\"0.5s\" data-wow-duration=\"0.8s\">\r\n\t\t\t\t\t\t\t\t\t\t\t\t\t\t\t\t\t\t\t<h2 class=\"accordion-header\">\r\n\t\t\t\t\t\t\t\t\t\t\t<button class=\"accordion-button collapsed\" type=\"button\" data-bs-toggle=\"collapse\" data-bs-target=\"#collapseOne7\" aria-expanded=\"true\" aria-controls=\"collapseOne7\">\r\n\t\t\t\t\t\t\t\t\t\t\t\tWie hoch ist die Erfolgsquote der IVF-Behandlung?\t\t\t\t\t\t\t\t\t\t\t<\/button>\r\n\t\t\t\t\t\t\t\t\t\t<\/h2>\r\n\t\t\t\t\t\t\t\t\t\t\t\t\t\t\t\t\t\t\t<div id=\"collapseOne7\" class=\"accordion-collapse collapse\" data-bs-parent=\"#accordionExample\">\r\n\t\t\t\t\t\t\t\t\t\t\t<div class=\"accordion-body\">\r\n\t\t\t\t\t\t\t\t\t\t\t\t<p>Die Erfolgsquote einer IVF-Behandlung kann von vielen Faktoren abh\u00e4ngen. Im Allgemeinen liegen die Erfolgsquoten bei IVF-Behandlungen jedoch zwischen etwa 80% und 85%, wobei diese Quote je nach den individuellen Umst\u00e4nden variieren kann. Hier sind einige wichtige Punkte zu beachten: Der Faktor Alter: Einer der wichtigsten Faktoren, der die Erfolgsraten der IVF-Behandlung beeinflusst, ist das Alter der Frau. Bei Frauen unter 35 Jahren sind die Erfolgsquoten im Allgemeinen am h\u00f6chsten, wobei einige Kliniken Erfolgsquoten von bis zu 85% f\u00fcr diese Altersgruppe melden. Mit zunehmendem Alter, vor allem nach 40, sinken die Erfolgsquoten aus Gr\u00fcnden wie abnehmender Eizellqualit\u00e4t und -menge. Qualit\u00e4t und Quantit\u00e4t der Eizellen: Qualit\u00e4t und Quantit\u00e4t der Eizellen sind entscheidend f\u00fcr eine erfolgreiche IVF-Behandlung. J\u00fcngere Frauen haben in der Regel qualitativ hochwertigere Eizellen, was die Chancen auf Befruchtung und Einnistung des Embryos erh\u00f6ht. Qualit\u00e4t des Embryos: Die Qualit\u00e4t der Embryonen spielt eine wichtige Rolle f\u00fcr den Erfolg der IVF-Behandlung. Bei qualitativ hochwertigen Embryonen ist die Wahrscheinlichkeit gr\u00f6\u00dfer, dass sie sich in der Geb\u00e4rmutter einnisten und sich zu einer gesunden Schwangerschaft entwickeln. Techniken wie der genetische Pr\u00e4implantationstest (PGT) k\u00f6nnen die Erfolgsquote erh\u00f6hen, indem sie die Gesundheit der Embryonen bewerten und die am besten geeigneten Embryonen f\u00fcr den Transfer ausw\u00e4hlen. Grundlegende Gesundheitszust\u00e4nde: Gesundheitsprobleme wie das Syndrom der polyzystischen Ovarien (PCOS), Endometriose oder m\u00e4nnliche Unfruchtbarkeit k\u00f6nnen die Erfolgsraten einer IVF-Behandlung beeinflussen. Bei Gynolife IVF pr\u00fcfen wir alle zugrunde liegenden Gesundheitszust\u00e4nde und bieten Behandlungspl\u00e4ne an, um Ihre Erfolgsaussichten zu optimieren. Fortschrittliche IVF-Behandlungsverfahren: Fortschritte in der IVF-Behandlungstechnologie, einschlie\u00dflich Techniken wie ICSI (Intrazytoplasmatische Spermieninjektion), das Einfrieren von Eizellen und Embryonen, haben die Erfolgsquoten erheblich verbessert. Diese Innovationen helfen uns, unseren Patientinnen die bestm\u00f6glichen Ergebnisse zu bieten. Bei Gynolife IVF sind wir bestrebt, Sie auf h\u00f6chstem Niveau zu betreuen und die neuesten Technologien einzusetzen, um Ihre Erfolgsaussichten zu maximieren.<\/p>\r\n\t\t\t\t\t\t\t\t\t\t\t<\/div>\r\n\t\t\t\t\t\t\t\t\t\t<\/div>\r\n\t\t\t\t\t\t\t\t\t\t\t\t\t\t\t\t\t\t\r\n\t\t\t\t\t\t\t\t\t<\/div>\r\n\t\t\t\t\t\t\t\t\t\r\n\t\t\t\t\t\t<\/div>\r\n\t\t\t\t\t<\/div>\r\n\t\t\t\t<\/div>\r\n\t\t\t\t<div class=\"col-xxl-5 col-xl-6 col-lg-7 m-b30\">\r\n\t\t\t\t\t<div class=\"content-media\" data-bottom-top=\"transform: translateY(50px)\" data-top-bottom=\"transform: translateY(-50px)\">\r\n\t\t\t\t\t\t\t\t\t\t\t\t<div class=\"dz-media\">\r\n\t\t\t\t\t\t\t<img decoding=\"async\" src=\"http:\/\/gynolifeivf.com\/wp-content\/uploads\/2025\/04\/gynolife-team.jpg\" alt=\"Bild\">\r\n\t\t\t\t\t\t<\/div>\r\n\t\t\t\t\t\t\t\t\t\t\t\t<div class=\"item1\">\r\n\t\t\t\t\t\t\t\t\t\t\t\t\t\t\t<div class=\"info-widget style-5\">\r\n\t\t\t\t\t\t\t\t\t\t\t\t\t\t\t\t\t<div class=\"widget-media\">\r\n\t\t\t\t\t\t\t\t\t\t<img decoding=\"async\" src=\"http:\/\/gynolifeivf.com\/wp-content\/uploads\/2025\/04\/whatsapp-gynolife-fertility.webp\" alt=\"Icon Bild\" \/>\r\n\t\t\t\t\t\t\t\t\t<\/div>\r\n\t\t\t\t\t\t\t\t\t\t\t\t\t\t\t\t\r\n\t\t\t\t\t\t\t\t\t<div class=\"widget-content\">\r\n\t\t\t\t\t\t\t\t\t\t\t\t\t\t\t\t\t\t\t<\/div>\r\n\t\t\t\t\t\t\t\t<\/div>\r\n\t\t\t\t\t\t\t\t\t\t\t\t\t\t\r\n\t\t\t\t\t\t\t\r\n\t\t\t\t\t\t\t\t\t\t\t\t\t\t\t<a href=\"\/de\/kontaktieren-sie-uns\/\"  class=\"btn btn-primary btn-rounded btn-hover2 btn-shadow\">\r\n\t\t\t\t\t\t\t\t\tKontakt\t\t\t\t\t\t\t\t\t<span class=\"right-icon\"><i class=\"feather icon-arrow-right\"><\/i><\/span>\r\n\t\t\t\t\t\t\t\t<\/a>\r\n\t\t\t\t\t\t\t\t\t\t\t\t\t<\/div>\r\n\t\t\t\t\t<\/div>\r\n\t\t\t\t<\/div>\r\n\t\t\t<\/div>\r\n\t\t<\/div>\r\n\t<\/section>\r\n\t\t\t\t<\/div>\n\t\t\t\t<\/div>\n\t\t\t\t<\/div>\n\t\t\t\t<\/div>","protected":false},"excerpt":{"rendered":"<p>H\u00e4ufig gestellte Fragen IVF-Fragen Klare und pr\u00e4gnante Antworten auf die am h\u00e4ufigsten gestellten Fragen zur IVF, Wie funktioniert der Prozess? F\u00fcr wen ist es geeignet? Wie hoch sind die Erfolgsraten? Was erwartet Sie auf dieser Reise? Der Weg zur Elternschaft beginnt mit Verst\u00e4ndnis. Ist der Aufenthalt in Nordzypern ein Problem f\u00fcr die IVF-Behandlung? <\/p>","protected":false},"author":1,"featured_media":0,"parent":0,"menu_order":0,"comment_status":"closed","ping_status":"closed","template":"clinicmaster_template.php","meta":{"footnotes":""},"class_list":["post-167","page","type-page","status-publish","hentry"],"aioseo_notices":[],"_links":{"self":[{"href":"https:\/\/gynolifeivf.com\/de\/wp-json\/wp\/v2\/pages\/167","targetHints":{"allow":["GET"]}}],"collection":[{"href":"https:\/\/gynolifeivf.com\/de\/wp-json\/wp\/v2\/pages"}],"about":[{"href":"https:\/\/gynolifeivf.com\/de\/wp-json\/wp\/v2\/types\/page"}],"author":[{"embeddable":true,"href":"https:\/\/gynolifeivf.com\/de\/wp-json\/wp\/v2\/users\/1"}],"replies":[{"embeddable":true,"href":"https:\/\/gynolifeivf.com\/de\/wp-json\/wp\/v2\/comments?post=167"}],"version-history":[{"count":0,"href":"https:\/\/gynolifeivf.com\/de\/wp-json\/wp\/v2\/pages\/167\/revisions"}],"wp:attachment":[{"href":"https:\/\/gynolifeivf.com\/de\/wp-json\/wp\/v2\/media?parent=167"}],"curies":[{"name":"wp","href":"https:\/\/api.w.org\/{rel}","templated":true}]}}