{"id":150,"date":"2024-08-26T07:03:30","date_gmt":"2024-08-26T07:03:30","guid":{"rendered":"http:\/\/clinicmaster.wprdx.com\/medical\/?page_id=150"},"modified":"2025-06-11T14:50:16","modified_gmt":"2025-06-11T14:50:16","slug":"erfolgsgeschichten-von-patienten","status":"publish","type":"page","link":"https:\/\/gynolifeivf.com\/de\/erfolgsgeschichten-von-patienten\/","title":{"rendered":"Patientenbewertungen | Erfolgsgeschichten"},"content":{"rendered":"<div data-elementor-type=\"wp-page\" data-elementor-id=\"150\" class=\"elementor elementor-150\">\n\t\t\t\t<div class=\"elementor-element elementor-element-b526fb3 e-con-full e-flex e-con e-parent\" data-id=\"b526fb3\" data-element_type=\"container\" data-e-type=\"container\">\n\t\t\t\t<div class=\"elementor-element elementor-element-7436572 elementor-widget elementor-widget-dz-testimonial-slider-2\" data-id=\"7436572\" data-element_type=\"widget\" data-e-type=\"widget\" data-widget_type=\"dz-testimonial-slider-2.default\">\n\t\t\t\t<div class=\"elementor-widget-container\">\n\t\t\t\t\t\t<section class=\"content-inner pt-0\">\r\n\t<div class=\"container\">\r\n\t\t<div class=\"section-head style-1 text-center\">\r\n\t\t\t\t\t\t\t<h2 class=\"title m-b10\">Feedback von unseren IVF-Patienten<\/h2>\r\n\t\t\t\t\t\t\t<p>Echte Geschichten von echten Menschen.\nUnsere Patienten erz\u00e4hlen von ihrer IVF-Reise - von den Herausforderungen, der Hoffnung und der Freude.\nSie sind nicht allein auf dem Weg zur Elternschaft.\n\n<\/p>\r\n\t\t\t\t\t<\/div>\r\n\t\t<div class=\"swiper testimonial-swiper3 testimonial-wrapper3\">\r\n\t\t\t<div class=\"swiper-wrapper\">\r\n\t\t\t\t\t\t\t\t<div class=\"swiper-slide\">\r\n\t\t\t\t\t<div class=\"testimonial-3\">\r\n\t\t\t\t\t\t<div class=\"testimonial-detail\">\r\n\t\t\t\t\t\t\t\t\t\t\t\t\t\t<div class=\"testimonial-contant\">\r\n\t\t\t\t\t\t\t\t<div class=\"testimonial-text\">\r\n\t\t\t\t\t\t\t\t\t<p>Sehr geehrter Herr Doktor und GynoLife-Team, wir haben viele Krankenh\u00e4user und \u00c4rzte besucht, in der Hoffnung, Kinder zu bekommen. Wir dachten an.<\/p>\r\n\t\t\t\t\t\t\t\t<\/div>\r\n\t\t\t\t\t\t\t<\/div>\r\n\t\t\t\t\t\t\t\t\t\t\t\t\t\t<div class=\"testimonial-info\">\r\n\t\t\t\t\t\t\t\t<div class=\"clearfix\">\r\n\t\t\t\t\t\t\t\t\t\t\t\t\t\t\t\t\t\t\t<h5 class=\"testimonial-name\">C. A.<\/h5>\r\n\t\t\t\t\t\t\t\t\t\t\t\t\t\t\t\t\t\t\t<span class=\"testimonial-position\">IVF-Patient<\/span>\r\n\t\t\t\t\t\t\t\t\t\t\t\t\t\t\t\t\t<\/div>\t\t\r\n\t\t\t\t\t\t\t<\/div>\t\t\r\n\t\t\t\t\t\t<\/div>\r\n\t\t\t\t\t\t<div class=\"testimonial-media\">\r\n\t\t\t\t\t\t\t\t\t\t\t\t\t\t\t<img decoding=\"async\" src=\"https:\/\/gynolifeivf.com\/wp-content\/uploads\/2025\/04\/gynolife-ivf-testimonials-600x500.jpg\" alt=\"Bild\">\r\n\t\t\t\t\t\t\t\t\t\t\t\t\t\t<div class=\"item1\">\r\n\t\t\t\t\t\t\t\t<div class=\"info-widget\">\r\n\t\t\t\t\t\t\t\t\t\t\t\t\t\t\t\t\t\t<ul class=\"star-list\">\r\n\t\t\t\t\t\t\t\t\t\t<li><i class='fa fa-star'><\/i><\/li><li><i class='fa fa-star'><\/i><\/li><li><i class='fa fa-star'><\/i><\/li><li><i class='fa fa-star'><\/i><\/li><li><i class='fa fa-star'><\/i><\/li>\t\t\t\t\t\t\t\t\t<\/ul>\t\r\n\t\t\t\t\t\t\t\t\t\t\t\t\t\t\t\t\t\t\t\t\t\t\t\t\t\t\t\t<h3 class=\"title m-b0\">IVF-Behandlung <\/h3>\r\n\t\t\t\t\t\t\t\t\t\t\t\t\t\t\t\t\t<\/div>\r\n\t\t\t\t\t\t\t<\/div>\r\n\t\t\t\t\t\t<\/div>\r\n\t\t\t\t\t<\/div>\r\n\t\t\t\t<\/div>\r\n\t\t\t\t\t\t\t\t<div class=\"swiper-slide\">\r\n\t\t\t\t\t<div class=\"testimonial-3\">\r\n\t\t\t\t\t\t<div class=\"testimonial-detail\">\r\n\t\t\t\t\t\t\t\t\t\t\t\t\t\t<div class=\"testimonial-contant\">\r\n\t\t\t\t\t\t\t\t<div class=\"testimonial-text\">\r\n\t\t\t\t\t\t\t\t\t<p>An Ceren und alle, die mir im August und September geholfen haben. Vielen Dank f\u00fcr eure Freundlichkeit und Gro\u00dfz\u00fcgigkeit, Olivia.<\/p>\r\n\t\t\t\t\t\t\t\t<\/div>\r\n\t\t\t\t\t\t\t<\/div>\r\n\t\t\t\t\t\t\t\t\t\t\t\t\t\t<div class=\"testimonial-info\">\r\n\t\t\t\t\t\t\t\t<div class=\"clearfix\">\r\n\t\t\t\t\t\t\t\t\t\t\t\t\t\t\t\t\t\t\t<h5 class=\"testimonial-name\">C. C.<\/h5>\r\n\t\t\t\t\t\t\t\t\t\t\t\t\t\t\t\t\t\t\t<span class=\"testimonial-position\">IVF-Patient<\/span>\r\n\t\t\t\t\t\t\t\t\t\t\t\t\t\t\t\t\t<\/div>\t\t\r\n\t\t\t\t\t\t\t<\/div>\t\t\r\n\t\t\t\t\t\t<\/div>\r\n\t\t\t\t\t\t<div class=\"testimonial-media\">\r\n\t\t\t\t\t\t\t\t\t\t\t\t\t\t\t<img decoding=\"async\" src=\"https:\/\/gynolifeivf.com\/wp-content\/uploads\/2025\/04\/gynolife-ivf-testimonials-600x500.jpg\" alt=\"Bild\">\r\n\t\t\t\t\t\t\t\t\t\t\t\t\t\t<div class=\"item1\">\r\n\t\t\t\t\t\t\t\t<div class=\"info-widget\">\r\n\t\t\t\t\t\t\t\t\t\t\t\t\t\t\t\t\t\t<ul class=\"star-list\">\r\n\t\t\t\t\t\t\t\t\t\t<li><i class='fa fa-star'><\/i><\/li><li><i class='fa fa-star'><\/i><\/li><li><i class='fa fa-star'><\/i><\/li><li><i class='fa fa-star'><\/i><\/li><li><i class='fa fa-star'><\/i><\/li>\t\t\t\t\t\t\t\t\t<\/ul>\t\r\n\t\t\t\t\t\t\t\t\t\t\t\t\t\t\t\t\t\t\t\t\t\t\t\t\t\t\t\t<h3 class=\"title m-b0\">IVF-Behandlung <\/h3>\r\n\t\t\t\t\t\t\t\t\t\t\t\t\t\t\t\t\t<\/div>\r\n\t\t\t\t\t\t\t<\/div>\r\n\t\t\t\t\t\t<\/div>\r\n\t\t\t\t\t<\/div>\r\n\t\t\t\t<\/div>\r\n\t\t\t\t\t\t\t\t<div class=\"swiper-slide\">\r\n\t\t\t\t\t<div class=\"testimonial-3\">\r\n\t\t\t\t\t\t<div class=\"testimonial-detail\">\r\n\t\t\t\t\t\t\t\t\t\t\t\t\t\t<div class=\"testimonial-contant\">\r\n\t\t\t\t\t\t\t\t<div class=\"testimonial-text\">\r\n\t\t\t\t\t\t\t\t\t<p>Unser Baby hat heute seine ersten Schritte gemacht. Wir sind sehr gl\u00fccklich, ein solches Wunder mit Ihnen erleben zu d\u00fcrfen. Wir.<\/p>\r\n\t\t\t\t\t\t\t\t<\/div>\r\n\t\t\t\t\t\t\t<\/div>\r\n\t\t\t\t\t\t\t\t\t\t\t\t\t\t<div class=\"testimonial-info\">\r\n\t\t\t\t\t\t\t\t<div class=\"clearfix\">\r\n\t\t\t\t\t\t\t\t\t\t\t\t\t\t\t\t\t\t\t<h5 class=\"testimonial-name\">S. A.<\/h5>\r\n\t\t\t\t\t\t\t\t\t\t\t\t\t\t\t\t\t\t\t<span class=\"testimonial-position\">IVF-Patient<\/span>\r\n\t\t\t\t\t\t\t\t\t\t\t\t\t\t\t\t\t<\/div>\t\t\r\n\t\t\t\t\t\t\t<\/div>\t\t\r\n\t\t\t\t\t\t<\/div>\r\n\t\t\t\t\t\t<div class=\"testimonial-media\">\r\n\t\t\t\t\t\t\t\t\t\t\t\t\t\t\t<img decoding=\"async\" src=\"https:\/\/gynolifeivf.com\/wp-content\/uploads\/2025\/04\/gynolife-ivf-testimonials-600x500.jpg\" alt=\"Bild\">\r\n\t\t\t\t\t\t\t\t\t\t\t\t\t\t<div class=\"item1\">\r\n\t\t\t\t\t\t\t\t<div class=\"info-widget\">\r\n\t\t\t\t\t\t\t\t\t\t\t\t\t\t\t\t\t\t<ul class=\"star-list\">\r\n\t\t\t\t\t\t\t\t\t\t<li><i class='fa fa-star'><\/i><\/li><li><i class='fa fa-star'><\/i><\/li><li><i class='fa fa-star'><\/i><\/li><li><i class='fa fa-star'><\/i><\/li><li><i class='fa fa-star'><\/i><\/li>\t\t\t\t\t\t\t\t\t<\/ul>\t\r\n\t\t\t\t\t\t\t\t\t\t\t\t\t\t\t\t\t\t\t\t\t\t\t\t\t\t\t\t<h3 class=\"title m-b0\">IVF-Behandlung <\/h3>\r\n\t\t\t\t\t\t\t\t\t\t\t\t\t\t\t\t\t<\/div>\r\n\t\t\t\t\t\t\t<\/div>\r\n\t\t\t\t\t\t<\/div>\r\n\t\t\t\t\t<\/div>\r\n\t\t\t\t<\/div>\r\n\t\t\t\t\t\t\t\t<div class=\"swiper-slide\">\r\n\t\t\t\t\t<div class=\"testimonial-3\">\r\n\t\t\t\t\t\t<div class=\"testimonial-detail\">\r\n\t\t\t\t\t\t\t\t\t\t\t\t\t\t<div class=\"testimonial-contant\">\r\n\t\t\t\t\t\t\t\t<div class=\"testimonial-text\">\r\n\t\t\t\t\t\t\t\t\t<p>Auf dieser schwierigen Reise haben wir mit Ihren Bem\u00fchungen und Ihrer Geduld einen sehr sch\u00f6nen Sohn bekommen. M\u00f6ge mein Herr es gew\u00e4hren.<\/p>\r\n\t\t\t\t\t\t\t\t<\/div>\r\n\t\t\t\t\t\t\t<\/div>\r\n\t\t\t\t\t\t\t\t\t\t\t\t\t\t<div class=\"testimonial-info\">\r\n\t\t\t\t\t\t\t\t<div class=\"clearfix\">\r\n\t\t\t\t\t\t\t\t\t\t\t\t\t\t\t\t\t\t\t<h5 class=\"testimonial-name\">Y. D.<\/h5>\r\n\t\t\t\t\t\t\t\t\t\t\t\t\t\t\t\t\t\t\t<span class=\"testimonial-position\">IVF-Patient<\/span>\r\n\t\t\t\t\t\t\t\t\t\t\t\t\t\t\t\t\t<\/div>\t\t\r\n\t\t\t\t\t\t\t<\/div>\t\t\r\n\t\t\t\t\t\t<\/div>\r\n\t\t\t\t\t\t<div class=\"testimonial-media\">\r\n\t\t\t\t\t\t\t\t\t\t\t\t\t\t\t<img decoding=\"async\" src=\"https:\/\/gynolifeivf.com\/wp-content\/uploads\/2025\/04\/gynolife-ivf-testimonials-600x500.jpg\" alt=\"Bild\">\r\n\t\t\t\t\t\t\t\t\t\t\t\t\t\t<div class=\"item1\">\r\n\t\t\t\t\t\t\t\t<div class=\"info-widget\">\r\n\t\t\t\t\t\t\t\t\t\t\t\t\t\t\t\t\t\t<ul class=\"star-list\">\r\n\t\t\t\t\t\t\t\t\t\t<li><i class='fa fa-star'><\/i><\/li><li><i class='fa fa-star'><\/i><\/li><li><i class='fa fa-star'><\/i><\/li><li><i class='fa fa-star'><\/i><\/li><li><i class='fa fa-star'><\/i><\/li>\t\t\t\t\t\t\t\t\t<\/ul>\t\r\n\t\t\t\t\t\t\t\t\t\t\t\t\t\t\t\t\t\t\t\t\t\t\t\t\t\t\t\t<h3 class=\"title m-b0\">IVF-Behandlung <\/h3>\r\n\t\t\t\t\t\t\t\t\t\t\t\t\t\t\t\t\t<\/div>\r\n\t\t\t\t\t\t\t<\/div>\r\n\t\t\t\t\t\t<\/div>\r\n\t\t\t\t\t<\/div>\r\n\t\t\t\t<\/div>\r\n\t\t\t\t\t\t\t\t<div class=\"swiper-slide\">\r\n\t\t\t\t\t<div class=\"testimonial-3\">\r\n\t\t\t\t\t\t<div class=\"testimonial-detail\">\r\n\t\t\t\t\t\t\t\t\t\t\t\t\t\t<div class=\"testimonial-contant\">\r\n\t\t\t\t\t\t\t\t<div class=\"testimonial-text\">\r\n\t\t\t\t\t\t\t\t\t<p>Wir sind Ihnen dankbar, dass Sie uns wieder daran erinnern, wie man stark sein und nicht aufgeben kann. Als unsere zweite Familie, wir.<\/p>\r\n\t\t\t\t\t\t\t\t<\/div>\r\n\t\t\t\t\t\t\t<\/div>\r\n\t\t\t\t\t\t\t\t\t\t\t\t\t\t<div class=\"testimonial-info\">\r\n\t\t\t\t\t\t\t\t<div class=\"clearfix\">\r\n\t\t\t\t\t\t\t\t\t\t\t\t\t\t\t\t\t\t\t<h5 class=\"testimonial-name\">E. C.<\/h5>\r\n\t\t\t\t\t\t\t\t\t\t\t\t\t\t\t\t\t\t\t<span class=\"testimonial-position\">IVF-Patient<\/span>\r\n\t\t\t\t\t\t\t\t\t\t\t\t\t\t\t\t\t<\/div>\t\t\r\n\t\t\t\t\t\t\t<\/div>\t\t\r\n\t\t\t\t\t\t<\/div>\r\n\t\t\t\t\t\t<div class=\"testimonial-media\">\r\n\t\t\t\t\t\t\t\t\t\t\t\t\t\t\t<img decoding=\"async\" src=\"https:\/\/gynolifeivf.com\/wp-content\/uploads\/2025\/04\/gynolife-ivf-testimonials-600x500.jpg\" alt=\"Bild\">\r\n\t\t\t\t\t\t\t\t\t\t\t\t\t\t<div class=\"item1\">\r\n\t\t\t\t\t\t\t\t<div class=\"info-widget\">\r\n\t\t\t\t\t\t\t\t\t\t\t\t\t\t\t\t\t\t<ul class=\"star-list\">\r\n\t\t\t\t\t\t\t\t\t\t<li><i class='fa fa-star'><\/i><\/li><li><i class='fa fa-star'><\/i><\/li><li><i class='fa fa-star'><\/i><\/li><li><i class='fa fa-star'><\/i><\/li><li><i class='fa fa-star'><\/i><\/li>\t\t\t\t\t\t\t\t\t<\/ul>\t\r\n\t\t\t\t\t\t\t\t\t\t\t\t\t\t\t\t\t\t\t\t\t\t\t\t\t\t\t\t<h3 class=\"title m-b0\">IVF-Behandlung <\/h3>\r\n\t\t\t\t\t\t\t\t\t\t\t\t\t\t\t\t\t<\/div>\r\n\t\t\t\t\t\t\t<\/div>\r\n\t\t\t\t\t\t<\/div>\r\n\t\t\t\t\t<\/div>\r\n\t\t\t\t<\/div>\r\n\t\t\t\t\t\t\t\t<div class=\"swiper-slide\">\r\n\t\t\t\t\t<div class=\"testimonial-3\">\r\n\t\t\t\t\t\t<div class=\"testimonial-detail\">\r\n\t\t\t\t\t\t\t\t\t\t\t\t\t\t<div class=\"testimonial-contant\">\r\n\t\t\t\t\t\t\t\t<div class=\"testimonial-text\">\r\n\t\t\t\t\t\t\t\t\t<p>Wo der Knecht sagt: \u201cEs ist vorbei\u201d, sagt Gott: \u201cIch habe genug.\u201d Gott hat dich vor uns gebracht, wo wir.<\/p>\r\n\t\t\t\t\t\t\t\t<\/div>\r\n\t\t\t\t\t\t\t<\/div>\r\n\t\t\t\t\t\t\t\t\t\t\t\t\t\t<div class=\"testimonial-info\">\r\n\t\t\t\t\t\t\t\t<div class=\"clearfix\">\r\n\t\t\t\t\t\t\t\t\t\t\t\t\t\t\t\t\t\t\t<h5 class=\"testimonial-name\">E. G.<\/h5>\r\n\t\t\t\t\t\t\t\t\t\t\t\t\t\t\t\t\t\t\t<span class=\"testimonial-position\">IVF-Patient<\/span>\r\n\t\t\t\t\t\t\t\t\t\t\t\t\t\t\t\t\t<\/div>\t\t\r\n\t\t\t\t\t\t\t<\/div>\t\t\r\n\t\t\t\t\t\t<\/div>\r\n\t\t\t\t\t\t<div class=\"testimonial-media\">\r\n\t\t\t\t\t\t\t\t\t\t\t\t\t\t\t<img decoding=\"async\" src=\"https:\/\/gynolifeivf.com\/wp-content\/uploads\/2025\/04\/gynolife-ivf-testimonials-600x500.jpg\" alt=\"Bild\">\r\n\t\t\t\t\t\t\t\t\t\t\t\t\t\t<div class=\"item1\">\r\n\t\t\t\t\t\t\t\t<div class=\"info-widget\">\r\n\t\t\t\t\t\t\t\t\t\t\t\t\t\t\t\t\t\t<ul class=\"star-list\">\r\n\t\t\t\t\t\t\t\t\t\t<li><i class='fa fa-star'><\/i><\/li><li><i class='fa fa-star'><\/i><\/li><li><i class='fa fa-star'><\/i><\/li><li><i class='fa fa-star'><\/i><\/li><li><i class='fa fa-star'><\/i><\/li>\t\t\t\t\t\t\t\t\t<\/ul>\t\r\n\t\t\t\t\t\t\t\t\t\t\t\t\t\t\t\t\t\t\t\t\t\t\t\t\t\t\t\t<h3 class=\"title m-b0\">IVF-Behandlung <\/h3>\r\n\t\t\t\t\t\t\t\t\t\t\t\t\t\t\t\t\t<\/div>\r\n\t\t\t\t\t\t\t<\/div>\r\n\t\t\t\t\t\t<\/div>\r\n\t\t\t\t\t<\/div>\r\n\t\t\t\t<\/div>\r\n\t\t\t\t\t\t\t<\/div>\r\n\t\t\t<div class=\"testimonial-pagination-swiper3 swiper-pagination style-1\"><\/div>\r\n\t\t<\/div>\r\n\t<\/div>\r\n<\/section>\r\n \r\n<script>\r\n\t\t\t\tjQuery(document).ready(function(){\r\n\t\t\t\t\tif(jQuery('.elementor-element-edit-mode').length > 0){\r\n\t\t\t\t\t\thandleTestimonialSwiper3();\r\n\t\t\t\t\t}\t\t\t\t\t\r\n\t\t\t\t});\r\n\t\t\t <\/script>\r\n\t\t\t\t\t\t\t<\/div>\n\t\t\t\t<\/div>\n\t\t\t\t<\/div>\n\t\t\t\t<\/div>","protected":false},"excerpt":{"rendered":"<p>Was unsere Patienten \u00fcber uns sagen Echte Geschichten, echte Hoffnungen Unsere Patienten teilen ihre Erfahrungen und Gef\u00fchle w\u00e4hrend der IVF-Reise. Denken Sie daran, dass Sie auf diesem Weg nicht allein sind. Sehr geehrter Dr. Murat Onal und das GynoLife-Team, wir besuchten viele Kliniken und \u00c4rzte in der Hoffnung, ein Kind zu bekommen. Wir kamen als letzter <\/p>","protected":false},"author":1,"featured_media":0,"parent":0,"menu_order":0,"comment_status":"closed","ping_status":"closed","template":"clinicmaster_template.php","meta":{"footnotes":""},"class_list":["post-150","page","type-page","status-publish","hentry"],"aioseo_notices":[],"_links":{"self":[{"href":"https:\/\/gynolifeivf.com\/de\/wp-json\/wp\/v2\/pages\/150","targetHints":{"allow":["GET"]}}],"collection":[{"href":"https:\/\/gynolifeivf.com\/de\/wp-json\/wp\/v2\/pages"}],"about":[{"href":"https:\/\/gynolifeivf.com\/de\/wp-json\/wp\/v2\/types\/page"}],"author":[{"embeddable":true,"href":"https:\/\/gynolifeivf.com\/de\/wp-json\/wp\/v2\/users\/1"}],"replies":[{"embeddable":true,"href":"https:\/\/gynolifeivf.com\/de\/wp-json\/wp\/v2\/comments?post=150"}],"version-history":[{"count":0,"href":"https:\/\/gynolifeivf.com\/de\/wp-json\/wp\/v2\/pages\/150\/revisions"}],"wp:attachment":[{"href":"https:\/\/gynolifeivf.com\/de\/wp-json\/wp\/v2\/media?parent=150"}],"curies":[{"name":"wp","href":"https:\/\/api.w.org\/{rel}","templated":true}]}}